{"id":8813,"date":"2022-05-03T07:32:45","date_gmt":"2022-05-03T07:32:45","guid":{"rendered":"https:\/\/winpharma.ro\/de\/?page_id=8813"},"modified":"2022-05-10T06:26:04","modified_gmt":"2022-05-10T06:26:04","slug":"haux-duox","status":"publish","type":"page","link":"https:\/\/winpharma.ro\/de\/haux-duox\/","title":{"rendered":"Haux-DUOX"},"content":{"rendered":"\t\t<div data-elementor-type=\"wp-post\" data-elementor-id=\"8813\" class=\"elementor elementor-8813\" data-elementor-settings=\"[]\">\n\t\t\t\t\t\t<div class=\"elementor-inner\">\n\t\t\t\t\t\t\t<div class=\"elementor-section-wrap\">\n\t\t\t\t\t\t\t<section class=\"elementor-section elementor-top-section elementor-element elementor-element-a186a92 elementor-section-boxed elementor-section-height-default elementor-section-height-default\" data-id=\"a186a92\" data-element_type=\"section\" data-settings=\"{&quot;background_background&quot;:&quot;classic&quot;}\">\n\t\t\t\t\t\t<div class=\"elementor-container elementor-column-gap-default\">\n\t\t\t\t\t\t\t<div class=\"elementor-row\">\n\t\t\t\t\t<div class=\"elementor-column elementor-col-100 elementor-top-column elementor-element elementor-element-eb72c58\" data-id=\"eb72c58\" data-element_type=\"column\">\n\t\t\t<div class=\"elementor-column-wrap elementor-element-populated\">\n\t\t\t\t\t\t\t<div class=\"elementor-widget-wrap\">\n\t\t\t\t\t\t<div class=\"elementor-element elementor-element-92ed21b elementor-widget elementor-widget-heading\" data-id=\"92ed21b\" data-element_type=\"widget\" data-widget_type=\"heading.default\">\n\t\t\t\t<div class=\"elementor-widget-container\">\n\t\t\t<h1 class=\"elementor-heading-title elementor-size-default elementor-heading-title elementor-size-default elementor-align-after-center\">Haux-DUOX<\/h1>\t\t<\/div>\n\t\t\t\t<\/div>\n\t\t\t\t<div class=\"elementor-element elementor-element-102645f elementor-widget elementor-widget-text-editor\" data-id=\"102645f\" data-element_type=\"widget\" data-widget_type=\"text-editor.default\">\n\t\t\t\t<div class=\"elementor-widget-container\">\n\t\t\t\t\t\t\t\t<div class=\"elementor-text-editor elementor-clearfix\">\n\t\t\t\t<p style=\"text-align: center;\"><span style=\"color: #00456f;\"><a href=\"https:\/\/winpharma.ro\/de\/\">Home<\/a>\u00a0 &gt;\u00a0 <a href=\"https:\/\/winpharma.ro\/de\/produkte\/\">Produkte<\/a>\u00a0 &gt;\u00a0 <a style=\"color: #00456f;\" href=\"https:\/\/winpharma.ro\/de\/haux-starmed-quadro\">Haux Starmed \/ Quadro<\/a> &gt; Haux-DUOX<br \/><\/span><\/p>\t\t\t\t\t<\/div>\n\t\t\t\t\t\t<\/div>\n\t\t\t\t<\/div>\n\t\t\t\t\t\t<\/div>\n\t\t\t\t\t<\/div>\n\t\t<\/div>\n\t\t\t\t\t\t\t\t<\/div>\n\t\t\t\t\t<\/div>\n\t\t<\/section>\n\t\t\t\t<section class=\"elementor-section elementor-top-section elementor-element elementor-element-5fe1de6 elementor-section-boxed elementor-section-height-default elementor-section-height-default\" data-id=\"5fe1de6\" data-element_type=\"section\" data-settings=\"{&quot;background_background&quot;:&quot;gradient&quot;}\">\n\t\t\t\t\t\t\t<div class=\"elementor-background-overlay\"><\/div>\n\t\t\t\t\t\t\t<div class=\"elementor-container elementor-column-gap-default\">\n\t\t\t\t\t\t\t<div class=\"elementor-row\">\n\t\t\t\t\t<div class=\"elementor-column elementor-col-50 elementor-top-column elementor-element elementor-element-dcd0df0\" data-id=\"dcd0df0\" data-element_type=\"column\" data-settings=\"{&quot;background_background&quot;:&quot;classic&quot;}\">\n\t\t\t<div class=\"elementor-column-wrap elementor-element-populated\">\n\t\t\t\t\t\t\t<div class=\"elementor-widget-wrap\">\n\t\t\t\t\t\t<div class=\"elementor-element elementor-element-3712c86 elementor-widget elementor-widget-image\" data-id=\"3712c86\" data-element_type=\"widget\" data-widget_type=\"image.default\">\n\t\t\t\t<div class=\"elementor-widget-container\">\n\t\t\t\t\t\t\t\t<div class=\"elementor-image\">\n\t\t\t\t\t\t\t\t\t\t\t\t\t<a href=\"https:\/\/winpharma.ro\/de\/wp-content\/uploads\/2022\/05\/w1-5-2-2.jpg\" data-elementor-open-lightbox=\"yes\" data-elementor-lightbox-title=\"w1-5-2\">\n\t\t\t\t\t\t\t<img width=\"462\" height=\"339\" src=\"https:\/\/winpharma.ro\/de\/wp-content\/uploads\/2022\/05\/w1-5-2-2.jpg\" class=\"attachment-large size-large\" alt=\"\" loading=\"lazy\" srcset=\"https:\/\/winpharma.ro\/de\/wp-content\/uploads\/2022\/05\/w1-5-2-2.jpg 462w, https:\/\/winpharma.ro\/de\/wp-content\/uploads\/2022\/05\/w1-5-2-2-300x220.jpg 300w, https:\/\/winpharma.ro\/de\/wp-content\/uploads\/2022\/05\/w1-5-2-2-285x209.jpg 285w\" sizes=\"(max-width: 462px) 100vw, 462px\" \/>\t\t\t\t\t\t\t\t<\/a>\n\t\t\t\t\t\t\t\t\t\t\t\t\t\t<\/div>\n\t\t\t\t\t\t<\/div>\n\t\t\t\t<\/div>\n\t\t\t\t\t\t<\/div>\n\t\t\t\t\t<\/div>\n\t\t<\/div>\n\t\t\t\t<div class=\"elementor-column elementor-col-50 elementor-top-column elementor-element elementor-element-47d277e\" data-id=\"47d277e\" data-element_type=\"column\">\n\t\t\t<div class=\"elementor-column-wrap elementor-element-populated\">\n\t\t\t\t\t\t\t<div class=\"elementor-widget-wrap\">\n\t\t\t\t\t\t<div class=\"elementor-element elementor-element-87a7299 elementor-widget elementor-widget-text-editor\" data-id=\"87a7299\" data-element_type=\"widget\" data-widget_type=\"text-editor.default\">\n\t\t\t\t<div class=\"elementor-widget-container\">\n\t\t\t\t\t\t\t\t<div class=\"elementor-text-editor elementor-clearfix\">\n\t\t\t\t<p>Das Haux-DUOX Kamerasystem ist eine sehr platzsparende Variante einer HBOT Behandlungskamera.<\/p><p>Der Hauptraum bietet optional Platz f\u00fcr bis zu 3 Patienten.<\/p><p>Die Kontrollstation ist vor der Kamera positioniert und erm\u00f6glicht eine visuelle \u00dcberwachung der Insassen der \u00dcberdruckkammer.<\/p><p>Die \u00dcberdruckkammer besteht aus einer Hauptkammer und einer Vorkammer. Im Hauptraum kann der Patient \u00fcber eine Atemmaske Luft oder Sauerstoff atmen.<\/p><p>Die Vorkammer kann verwendet werden, um einen Patienten \/ eine Krankenschwester oder einen Arzt innerhalb oder au\u00dferhalb zu transferieren.<\/p>\t\t\t\t\t<\/div>\n\t\t\t\t\t\t<\/div>\n\t\t\t\t<\/div>\n\t\t\t\t\t\t<\/div>\n\t\t\t\t\t<\/div>\n\t\t<\/div>\n\t\t\t\t\t\t\t\t<\/div>\n\t\t\t\t\t<\/div>\n\t\t<\/section>\n\t\t\t\t<section class=\"elementor-section elementor-top-section elementor-element elementor-element-dd291a2 elementor-section-boxed elementor-section-height-default elementor-section-height-default\" data-id=\"dd291a2\" data-element_type=\"section\" data-settings=\"{&quot;background_background&quot;:&quot;classic&quot;}\">\n\t\t\t\t\t\t<div class=\"elementor-container elementor-column-gap-default\">\n\t\t\t\t\t\t\t<div class=\"elementor-row\">\n\t\t\t\t\t<div class=\"elementor-column elementor-col-100 elementor-top-column elementor-element elementor-element-2a0895e\" data-id=\"2a0895e\" data-element_type=\"column\">\n\t\t\t<div class=\"elementor-column-wrap elementor-element-populated\">\n\t\t\t\t\t\t\t<div class=\"elementor-widget-wrap\">\n\t\t\t\t\t\t<div class=\"elementor-element elementor-element-0a0f5ad elementor-widget elementor-widget-heading\" data-id=\"0a0f5ad\" data-element_type=\"widget\" data-widget_type=\"heading.default\">\n\t\t\t\t<div class=\"elementor-widget-container\">\n\t\t\t<p class=\"elementor-heading-title elementor-size-default elementor-heading-title elementor-size-default elementor-align-after-center\">Anfrage Angebot<\/p>\t\t<\/div>\n\t\t\t\t<\/div>\n\t\t\t\t<div class=\"elementor-element elementor-element-f2afd60 elementor-widget elementor-widget-text-editor\" data-id=\"f2afd60\" data-element_type=\"widget\" data-widget_type=\"text-editor.default\">\n\t\t\t\t<div class=\"elementor-widget-container\">\n\t\t\t\t\t\t\t\t<div class=\"elementor-text-editor elementor-clearfix\">\n\t\t\t\t<div id=\"content\" class=\"span8 none none\" data-motopress-type=\"loop\" data-motopress-loop-file=\"loop\/loop-page.php\"><div id=\"post-2177\" class=\"page post-2177 type-page status-publish hentry\"><p style=\"text-align: center;\"><span class=\"VIiyi\" lang=\"de\"><span class=\"JLqJ4b ChMk0b\" data-language-for-alternatives=\"de\" data-language-to-translate-into=\"en\" data-phrase-index=\"0\" data-number-of-phrases=\"1\"><span class=\"Q4iAWc\">F\u00fcr Informationen und Angebote stehen Ihnen unsere Berater gerne zur Verf\u00fcgung<\/span><\/span><\/span><\/p><\/div><\/div>\t\t\t\t\t<\/div>\n\t\t\t\t\t\t<\/div>\n\t\t\t\t<\/div>\n\t\t\t\t\t\t<\/div>\n\t\t\t\t\t<\/div>\n\t\t<\/div>\n\t\t\t\t\t\t\t\t<\/div>\n\t\t\t\t\t<\/div>\n\t\t<\/section>\n\t\t\t\t<section class=\"elementor-section elementor-top-section elementor-element elementor-element-276a39a elementor-section-boxed elementor-section-height-default elementor-section-height-default\" data-id=\"276a39a\" data-element_type=\"section\">\n\t\t\t\t\t\t<div class=\"elementor-container elementor-column-gap-default\">\n\t\t\t\t\t\t\t<div class=\"elementor-row\">\n\t\t\t\t\t<div class=\"elementor-column elementor-col-33 elementor-top-column elementor-element elementor-element-b152b0e\" data-id=\"b152b0e\" data-element_type=\"column\">\n\t\t\t<div class=\"elementor-column-wrap\">\n\t\t\t\t\t\t\t<div class=\"elementor-widget-wrap\">\n\t\t\t\t\t\t\t\t<\/div>\n\t\t\t\t\t<\/div>\n\t\t<\/div>\n\t\t\t\t<div class=\"elementor-column elementor-col-33 elementor-top-column elementor-element elementor-element-5bbd0cd\" data-id=\"5bbd0cd\" data-element_type=\"column\">\n\t\t\t<div class=\"elementor-column-wrap elementor-element-populated\">\n\t\t\t\t\t\t\t<div class=\"elementor-widget-wrap\">\n\t\t\t\t\t\t<div class=\"elementor-element elementor-element-382f8ca elementor-button-align-stretch elementor-widget elementor-widget-form\" data-id=\"382f8ca\" data-element_type=\"widget\" data-settings=\"{&quot;step_next_label&quot;:&quot;Next&quot;,&quot;step_previous_label&quot;:&quot;Previous&quot;,&quot;button_width&quot;:&quot;100&quot;,&quot;step_type&quot;:&quot;number_text&quot;,&quot;step_icon_shape&quot;:&quot;circle&quot;}\" data-widget_type=\"form.default\">\n\t\t\t\t<div class=\"elementor-widget-container\">\n\t\t\t\t\t<form class=\"elementor-form\" method=\"post\" name=\"New Form\">\n\t\t\t<input type=\"hidden\" name=\"post_id\" value=\"8813\"\/>\n\t\t\t<input type=\"hidden\" name=\"form_id\" value=\"382f8ca\"\/>\n\n\t\t\t\n\t\t\t<div class=\"elementor-form-fields-wrapper elementor-labels-above\">\n\t\t\t\t\t\t\t\t<div class=\"elementor-field-type-text elementor-field-group elementor-column elementor-field-group-name elementor-col-100\">\n\t\t\t\t\t<input size=\"1\" type=\"text\" name=\"form_fields[name]\" id=\"form-field-name\" class=\"elementor-field elementor-size-md  elementor-field-textual\" placeholder=\"Name:\">\t\t\t\t<\/div>\n\t\t\t\t\t\t\t\t<div class=\"elementor-field-type-tel elementor-field-group elementor-column elementor-field-group-field_c8f943f elementor-col-100 elementor-field-required\">\n\t\t\t\t\t<input size=\"1\" type=\"tel\" name=\"form_fields[field_c8f943f]\" id=\"form-field-field_c8f943f\" class=\"elementor-field elementor-size-md  elementor-field-textual\" placeholder=\"Telefon:\" required=\"required\" aria-required=\"true\" pattern=\"[0-9()#&amp;+*-=.]+\" title=\"Only numbers and phone characters (#, -, *, etc) are accepted.\">\t\t\t\t<\/div>\n\t\t\t\t\t\t\t\t<div class=\"elementor-field-type-email elementor-field-group elementor-column elementor-field-group-email elementor-col-100 elementor-field-required\">\n\t\t\t\t\t<input size=\"1\" type=\"email\" name=\"form_fields[email]\" id=\"form-field-email\" class=\"elementor-field elementor-size-md  elementor-field-textual\" placeholder=\"Email:\" required=\"required\" aria-required=\"true\">\t\t\t\t<\/div>\n\t\t\t\t\t\t\t\t<div class=\"elementor-field-type-text elementor-field-group elementor-column elementor-field-group-field_8a1ee22 elementor-col-100 elementor-field-required\">\n\t\t\t\t\t<input size=\"1\" type=\"text\" name=\"form_fields[field_8a1ee22]\" id=\"form-field-field_8a1ee22\" class=\"elementor-field elementor-size-md  elementor-field-textual\" placeholder=\"Message:\" required=\"required\" aria-required=\"true\">\t\t\t\t<\/div>\n\t\t\t\t\t\t\t\t<div class=\"elementor-field-type-acceptance elementor-field-group elementor-column elementor-field-group-field_0ca036b elementor-col-100 elementor-field-required\">\n\t\t\t\t\t<div class=\"elementor-field-subgroup\"><span class=\"elementor-field-option\"><input type=\"checkbox\" name=\"form_fields[field_0ca036b]\" id=\"form-field-field_0ca036b\" class=\"elementor-field elementor-size-md  elementor-acceptance-field\" required=\"required\" aria-required=\"true\"> <label for=\"form-field-field_0ca036b\"> Ich bin einverstanden mit <a href=\"https:\/\/winpharma.ro\/de\/data-protection\/\" target=\"_blank\"><u>Verarbeitungsbedingungen<\/u><\/a>\n\n<\/label><\/span><\/div>\t\t\t\t<\/div>\n\t\t\t\t\t\t\t\t<div class=\"elementor-field-group elementor-column elementor-field-type-submit elementor-col-100 e-form__buttons\">\n\t\t\t\t\t<button type=\"submit\" class=\"elementor-button elementor-size-md\">\n\t\t\t\t\t\t<span >\n\t\t\t\t\t\t\t\t\t\t\t\t\t\t\t<span class=\" elementor-button-icon\">\n\t\t\t\t\t\t\t\t\t\t\t\t\t\t\t\t\t\t\t\t\t\t\t\t\t\t<\/span>\n\t\t\t\t\t\t\t\t\t\t\t\t\t\t\t\t\t\t\t\t\t\t<span class=\"elementor-button-text\">Senden<\/span>\n\t\t\t\t\t\t\t\t\t\t\t\t\t<\/span>\n\t\t\t\t\t<\/button>\n\t\t\t\t<\/div>\n\t\t\t<\/div>\n\t\t<\/form>\n\t\t\t\t<\/div>\n\t\t\t\t<\/div>\n\t\t\t\t\t\t<\/div>\n\t\t\t\t\t<\/div>\n\t\t<\/div>\n\t\t\t\t<div class=\"elementor-column elementor-col-33 elementor-top-column elementor-element elementor-element-734847a\" data-id=\"734847a\" data-element_type=\"column\">\n\t\t\t<div class=\"elementor-column-wrap\">\n\t\t\t\t\t\t\t<div class=\"elementor-widget-wrap\">\n\t\t\t\t\t\t\t\t<\/div>\n\t\t\t\t\t<\/div>\n\t\t<\/div>\n\t\t\t\t\t\t\t\t<\/div>\n\t\t\t\t\t<\/div>\n\t\t<\/section>\n\t\t\t\t\t\t<\/div>\n\t\t\t\t\t\t<\/div>\n\t\t\t\t\t<\/div>\n\t\t","protected":false},"excerpt":{"rendered":"<p>Haux-DUOX Home\u00a0 &gt;\u00a0 Produkte\u00a0 &gt;\u00a0 Haux Starmed \/ Quadro &gt; Haux-DUOX Das Haux-DUOX Kamerasystem ist eine sehr platzsparende&#8230;<\/p>\n","protected":false},"author":1,"featured_media":0,"parent":0,"menu_order":0,"comment_status":"closed","ping_status":"closed","template":"elementor_header_footer","meta":[],"uagb_featured_image_src":{"full":false,"thumbnail":false,"medium":false,"medium_large":false,"large":false,"1536x1536":false,"2048x2048":false,"manufacturer_vertical_thumb":false,"manufacturer_full":false,"manufacturer_medium":false},"uagb_author_info":{"display_name":"admin","author_link":"https:\/\/winpharma.ro\/de\/author\/admin\/"},"uagb_comment_info":0,"uagb_excerpt":"Haux-DUOX Home\u00a0 &gt;\u00a0 Produkte\u00a0 &gt;\u00a0 Haux Starmed \/ Quadro &gt; Haux-DUOX Das Haux-DUOX Kamerasystem ist eine sehr platzsparende...","_links":{"self":[{"href":"https:\/\/winpharma.ro\/de\/wp-json\/wp\/v2\/pages\/8813"}],"collection":[{"href":"https:\/\/winpharma.ro\/de\/wp-json\/wp\/v2\/pages"}],"about":[{"href":"https:\/\/winpharma.ro\/de\/wp-json\/wp\/v2\/types\/page"}],"author":[{"embeddable":true,"href":"https:\/\/winpharma.ro\/de\/wp-json\/wp\/v2\/users\/1"}],"replies":[{"embeddable":true,"href":"https:\/\/winpharma.ro\/de\/wp-json\/wp\/v2\/comments?post=8813"}],"version-history":[{"count":29,"href":"https:\/\/winpharma.ro\/de\/wp-json\/wp\/v2\/pages\/8813\/revisions"}],"predecessor-version":[{"id":9504,"href":"https:\/\/winpharma.ro\/de\/wp-json\/wp\/v2\/pages\/8813\/revisions\/9504"}],"wp:attachment":[{"href":"https:\/\/winpharma.ro\/de\/wp-json\/wp\/v2\/media?parent=8813"}],"curies":[{"name":"wp","href":"https:\/\/api.w.org\/{rel}","templated":true}]}}