{"id":8791,"date":"2022-05-03T07:25:42","date_gmt":"2022-05-03T07:25:42","guid":{"rendered":"https:\/\/winpharma.ro\/de\/?page_id=8791"},"modified":"2022-05-09T09:10:31","modified_gmt":"2022-05-09T09:10:31","slug":"haux-quadro","status":"publish","type":"page","link":"https:\/\/winpharma.ro\/de\/haux-quadro\/","title":{"rendered":"Haux-QUADRO"},"content":{"rendered":"\t\t<div data-elementor-type=\"wp-post\" data-elementor-id=\"8791\" class=\"elementor elementor-8791\" data-elementor-settings=\"[]\">\n\t\t\t\t\t\t<div class=\"elementor-inner\">\n\t\t\t\t\t\t\t<div class=\"elementor-section-wrap\">\n\t\t\t\t\t\t\t<section class=\"elementor-section elementor-top-section elementor-element elementor-element-a186a92 elementor-section-boxed elementor-section-height-default elementor-section-height-default\" data-id=\"a186a92\" data-element_type=\"section\" data-settings=\"{&quot;background_background&quot;:&quot;classic&quot;}\">\n\t\t\t\t\t\t<div class=\"elementor-container elementor-column-gap-default\">\n\t\t\t\t\t\t\t<div class=\"elementor-row\">\n\t\t\t\t\t<div class=\"elementor-column elementor-col-100 elementor-top-column elementor-element elementor-element-eb72c58\" data-id=\"eb72c58\" data-element_type=\"column\">\n\t\t\t<div class=\"elementor-column-wrap elementor-element-populated\">\n\t\t\t\t\t\t\t<div class=\"elementor-widget-wrap\">\n\t\t\t\t\t\t<div class=\"elementor-element elementor-element-92ed21b elementor-widget elementor-widget-heading\" data-id=\"92ed21b\" data-element_type=\"widget\" data-widget_type=\"heading.default\">\n\t\t\t\t<div class=\"elementor-widget-container\">\n\t\t\t<h1 class=\"elementor-heading-title elementor-size-default elementor-heading-title elementor-size-default elementor-align-after-center\">Haux-QUADRO<\/h1>\t\t<\/div>\n\t\t\t\t<\/div>\n\t\t\t\t<div class=\"elementor-element elementor-element-102645f elementor-widget elementor-widget-text-editor\" data-id=\"102645f\" data-element_type=\"widget\" data-widget_type=\"text-editor.default\">\n\t\t\t\t<div class=\"elementor-widget-container\">\n\t\t\t\t\t\t\t\t<div class=\"elementor-text-editor elementor-clearfix\">\n\t\t\t\t<p style=\"text-align: center;\"><span style=\"color: #00456f;\"><a href=\"https:\/\/winpharma.ro\/de\/\">Home<\/a>\u00a0 &gt;\u00a0 <a href=\"https:\/\/winpharma.ro\/de\/produkte\/\">Produkte<\/a>\u00a0 &gt;\u00a0 <a style=\"color: #00456f;\" href=\"https:\/\/winpharma.ro\/de\/haux-starmed-quadro\">Haux Starmed \/ Quadro<\/a> &gt; Haux-QUADRO<br \/><\/span><\/p>\t\t\t\t\t<\/div>\n\t\t\t\t\t\t<\/div>\n\t\t\t\t<\/div>\n\t\t\t\t\t\t<\/div>\n\t\t\t\t\t<\/div>\n\t\t<\/div>\n\t\t\t\t\t\t\t\t<\/div>\n\t\t\t\t\t<\/div>\n\t\t<\/section>\n\t\t\t\t<section class=\"elementor-section elementor-top-section elementor-element elementor-element-5fe1de6 elementor-section-boxed elementor-section-height-default elementor-section-height-default\" data-id=\"5fe1de6\" data-element_type=\"section\" data-settings=\"{&quot;background_background&quot;:&quot;gradient&quot;}\">\n\t\t\t\t\t\t\t<div class=\"elementor-background-overlay\"><\/div>\n\t\t\t\t\t\t\t<div class=\"elementor-container elementor-column-gap-default\">\n\t\t\t\t\t\t\t<div class=\"elementor-row\">\n\t\t\t\t\t<div class=\"elementor-column elementor-col-50 elementor-top-column elementor-element elementor-element-dcd0df0\" data-id=\"dcd0df0\" data-element_type=\"column\" data-settings=\"{&quot;background_background&quot;:&quot;classic&quot;}\">\n\t\t\t<div class=\"elementor-column-wrap elementor-element-populated\">\n\t\t\t\t\t\t\t<div class=\"elementor-widget-wrap\">\n\t\t\t\t\t\t<div class=\"elementor-element elementor-element-3712c86 elementor-widget elementor-widget-image\" data-id=\"3712c86\" data-element_type=\"widget\" data-widget_type=\"image.default\">\n\t\t\t\t<div class=\"elementor-widget-container\">\n\t\t\t\t\t\t\t\t<div class=\"elementor-image\">\n\t\t\t\t\t\t\t\t\t\t\t\t\t<a href=\"https:\/\/winpharma.ro\/de\/wp-content\/uploads\/2022\/05\/Q.jpg\" data-elementor-open-lightbox=\"yes\" data-elementor-lightbox-title=\"Q\">\n\t\t\t\t\t\t\t<img width=\"940\" height=\"771\" src=\"https:\/\/winpharma.ro\/de\/wp-content\/uploads\/2022\/05\/Q-1024x840.jpg\" class=\"attachment-large size-large\" alt=\"\" loading=\"lazy\" srcset=\"https:\/\/winpharma.ro\/de\/wp-content\/uploads\/2022\/05\/Q-1024x840.jpg 1024w, https:\/\/winpharma.ro\/de\/wp-content\/uploads\/2022\/05\/Q-300x246.jpg 300w, https:\/\/winpharma.ro\/de\/wp-content\/uploads\/2022\/05\/Q-768x630.jpg 768w, https:\/\/winpharma.ro\/de\/wp-content\/uploads\/2022\/05\/Q-285x234.jpg 285w, https:\/\/winpharma.ro\/de\/wp-content\/uploads\/2022\/05\/Q.jpg 1472w\" sizes=\"(max-width: 940px) 100vw, 940px\" \/>\t\t\t\t\t\t\t\t<\/a>\n\t\t\t\t\t\t\t\t\t\t\t\t\t\t<\/div>\n\t\t\t\t\t\t<\/div>\n\t\t\t\t<\/div>\n\t\t\t\t<div class=\"elementor-element elementor-element-acdb203 elementor-widget elementor-widget-image\" data-id=\"acdb203\" data-element_type=\"widget\" data-widget_type=\"image.default\">\n\t\t\t\t<div class=\"elementor-widget-container\">\n\t\t\t\t\t\t\t\t<div class=\"elementor-image\">\n\t\t\t\t\t\t\t\t\t\t\t\t\t<a href=\"https:\/\/winpharma.ro\/de\/wp-content\/uploads\/2022\/05\/Q2.jpg\" data-elementor-open-lightbox=\"yes\" data-elementor-lightbox-title=\"Q2\">\n\t\t\t\t\t\t\t<img width=\"940\" height=\"626\" src=\"https:\/\/winpharma.ro\/de\/wp-content\/uploads\/2022\/05\/Q2-1024x682.jpg\" class=\"attachment-large size-large\" alt=\"\" loading=\"lazy\" srcset=\"https:\/\/winpharma.ro\/de\/wp-content\/uploads\/2022\/05\/Q2-1024x682.jpg 1024w, https:\/\/winpharma.ro\/de\/wp-content\/uploads\/2022\/05\/Q2-300x200.jpg 300w, https:\/\/winpharma.ro\/de\/wp-content\/uploads\/2022\/05\/Q2-768x512.jpg 768w, https:\/\/winpharma.ro\/de\/wp-content\/uploads\/2022\/05\/Q2-1536x1023.jpg 1536w, https:\/\/winpharma.ro\/de\/wp-content\/uploads\/2022\/05\/Q2-285x190.jpg 285w, https:\/\/winpharma.ro\/de\/wp-content\/uploads\/2022\/05\/Q2-1600x1066.jpg 1600w, https:\/\/winpharma.ro\/de\/wp-content\/uploads\/2022\/05\/Q2.jpg 1920w\" sizes=\"(max-width: 940px) 100vw, 940px\" \/>\t\t\t\t\t\t\t\t<\/a>\n\t\t\t\t\t\t\t\t\t\t\t\t\t\t<\/div>\n\t\t\t\t\t\t<\/div>\n\t\t\t\t<\/div>\n\t\t\t\t\t\t<\/div>\n\t\t\t\t\t<\/div>\n\t\t<\/div>\n\t\t\t\t<div class=\"elementor-column elementor-col-50 elementor-top-column elementor-element elementor-element-47d277e\" data-id=\"47d277e\" data-element_type=\"column\">\n\t\t\t<div class=\"elementor-column-wrap elementor-element-populated\">\n\t\t\t\t\t\t\t<div class=\"elementor-widget-wrap\">\n\t\t\t\t\t\t<div class=\"elementor-element elementor-element-87a7299 elementor-widget elementor-widget-text-editor\" data-id=\"87a7299\" data-element_type=\"widget\" data-widget_type=\"text-editor.default\">\n\t\t\t\t<div class=\"elementor-widget-container\">\n\t\t\t\t\t\t\t\t<div class=\"elementor-text-editor elementor-clearfix\">\n\t\t\t\t<div id=\"content\" class=\"span8 none none\" data-motopress-type=\"loop\" data-motopress-loop-file=\"loop\/loop-page.php\"><div id=\"post-2177\" class=\"page post-2177 type-page status-publish hentry\"><span class=\"VIiyi\" lang=\"de\"><span class=\"JLqJ4b\" data-language-for-alternatives=\"de\" data-language-to-translate-into=\"en\" data-phrase-index=\"0\" data-number-of-phrases=\"1\"><span class=\"Q4iAWc\">HAUX-QUADRO ist das neueste modulare HAUX-System, das dem medizinischen, technischen und finanziellen Profil des anspruchsvollsten Kunden entspricht.<\/span><\/span><\/span><\/div><div><span class=\"VIiyi\" lang=\"de\"><span class=\"JLqJ4b\" data-language-for-alternatives=\"de\" data-language-to-translate-into=\"en\" data-phrase-index=\"0\" data-number-of-phrases=\"1\"><span class=\"Q4iAWc\">Ein neuer weltweiter Ma\u00dfstab f\u00fcr ein HAUX-QUADRO-System ist unsere Einheit am Universit\u00e4tskrankenhaus in Lille, Frankreich.<\/span><\/span><\/span><\/div><\/div><div>\u00a0<\/div><div><span class=\"VIiyi\" lang=\"de\"><span class=\"JLqJ4b\" data-language-for-alternatives=\"de\" data-language-to-translate-into=\"en\" data-phrase-index=\"0\" data-number-of-phrases=\"1\"><span class=\"Q4iAWc\">Diese Systeme haben eine Hauptkammer und einen Vorraum oder k\u00f6nnen zwei Hauptkammern oder drei oder vier Haupt\u00fcberdruckkammern haben.<\/span><\/span><\/span><\/div><div>\u00a0<\/div><div><span class=\"VIiyi\" lang=\"de\"><span class=\"JLqJ4b\" data-language-for-alternatives=\"de\" data-language-to-translate-into=\"en\" data-phrase-index=\"0\" data-number-of-phrases=\"1\"><span class=\"Q4iAWc\">Bei Kammerraumabmessungen von 2000 mm bis 3500 mm k\u00f6nnen Haupt- und Vorkammer auch Zwei-, Drei- oder Vierraumkammern sein.<\/span><\/span><\/span><\/div><div>\u00a0<\/div><div><span class=\"VIiyi\" lang=\"de\"><span class=\"JLqJ4b\" data-language-for-alternatives=\"de\" data-language-to-translate-into=\"en\" data-phrase-index=\"0\" data-number-of-phrases=\"1\"><span class=\"Q4iAWc\">Standardbetriebsdruck von 2 bar (3 ATA) bis 5 bar (6 ATA); Konfigurationen f\u00fcr h\u00f6here Dr\u00fccke sind auf Wunsch des Leistungsempf\u00e4ngers m\u00f6glich.<\/span><\/span><\/span><\/div><div>\u00a0<\/div><div><span class=\"VIiyi\" lang=\"de\"><span class=\"JLqJ4b\" data-language-for-alternatives=\"de\" data-language-to-translate-into=\"en\" data-phrase-index=\"0\" data-number-of-phrases=\"1\"><span class=\"Q4iAWc\">Sie haben eine Kapazit\u00e4t f\u00fcr 2 bis 24 Patienten, die in einem bequemen Stuhl oder Rollstuhl sitzen oder in einem Intensivbett oder einer Trage liegen k\u00f6nnen.<\/span><\/span><\/span><\/div><div>\u00a0<\/div><div><span class=\"VIiyi\" lang=\"de\"><span class=\"JLqJ4b\" data-language-for-alternatives=\"de\" data-language-to-translate-into=\"en\" data-phrase-index=\"0\" data-number-of-phrases=\"1\"><span class=\"Q4iAWc\">Eine gro\u00dfe Auswahl an rechteckigen T\u00fcrmodellen, einschlie\u00dflich Breiten, die f\u00fcr ATI-Betten geeignet sind, oder \u00e4u\u00dferst wirtschaftliche Schiebet\u00fcrmodelle f\u00fcr den Innenraum. Die T\u00fcren k\u00f6nnen manuell oder motorisiert sein.<\/span><\/span><\/span><\/div><div>\u00a0<\/div><div><span class=\"VIiyi\" lang=\"de\"><span class=\"JLqJ4b\" data-language-for-alternatives=\"de\" data-language-to-translate-into=\"en\" data-phrase-index=\"0\" data-number-of-phrases=\"1\"><span class=\"Q4iAWc\">Spezielles bodenebenes Zugangssystem ohne Schwelle im Raum, f\u00fcr bequemen Zugang ohne Stufen oder Rampen.<\/span><\/span><\/span><\/div><div>\u00a0<\/div><div><span class=\"VIiyi\" lang=\"de\"><span class=\"JLqJ4b\" data-language-for-alternatives=\"de\" data-language-to-translate-into=\"en\" data-phrase-index=\"0\" data-number-of-phrases=\"1\"><span class=\"Q4iAWc\">Hervorragender Augenkontakt durch in der Wand der \u00dcberdruckkammer positionierte Fenster mit optimiertem Betrachtungswinkel in verschiedenen Gr\u00f6\u00dfen.<\/span><\/span><\/span><\/div><div>\u00a0<\/div><div><span class=\"VIiyi\" lang=\"de\"><span class=\"JLqJ4b\" data-language-for-alternatives=\"de\" data-language-to-translate-into=\"en\" data-phrase-index=\"0\" data-number-of-phrases=\"1\"><span class=\"Q4iAWc\"> Computergest\u00fctzte Kontrollsysteme der \u00dcberdruckkammer, der Druck- und Temperaturbedingungen und der kontinuierlichen \u00dcberwachung der Insassen der Kammer.<\/span><\/span><\/span><\/div><div>\u00a0<\/div><div><span class=\"VIiyi\" lang=\"de\"><span class=\"JLqJ4b\" data-language-for-alternatives=\"de\" data-language-to-translate-into=\"en\" data-phrase-index=\"0\" data-number-of-phrases=\"1\"><span class=\"Q4iAWc\">Optional: Audio- und Videounterhaltung und Klimaanlagen.<\/span><\/span><\/span><\/div><div>\u00a0<\/div><div><span class=\"VIiyi\" lang=\"de\"><span class=\"JLqJ4b\" data-language-for-alternatives=\"de\" data-language-to-translate-into=\"en\" data-phrase-index=\"0\" data-number-of-phrases=\"1\"><span class=\"Q4iAWc\">Eine gro\u00dfe Auswahl an modularen medizinischen Ger\u00e4ten, z. gleichzeitig mehrere medizinische \u00dcberwachungssysteme, Defibrillatoren, Infusionspumpen und Absaugsysteme.<\/span><\/span><\/span><\/div><div>\u00a0<\/div><div><span class=\"VIiyi\" lang=\"de\"><span class=\"JLqJ4b\" data-language-for-alternatives=\"de\" data-language-to-translate-into=\"en\" data-phrase-index=\"0\" data-number-of-phrases=\"1\"><span class=\"Q4iAWc\">Die standardm\u00e4\u00dfige Installation speziell entwickelter, gepr\u00fcfter und zertifizierter Feuerl\u00f6schsysteme entspricht den h\u00f6chsten CE- und NATO-Standards.<\/span><\/span><\/span><\/div>\t\t\t\t\t<\/div>\n\t\t\t\t\t\t<\/div>\n\t\t\t\t<\/div>\n\t\t\t\t\t\t<\/div>\n\t\t\t\t\t<\/div>\n\t\t<\/div>\n\t\t\t\t\t\t\t\t<\/div>\n\t\t\t\t\t<\/div>\n\t\t<\/section>\n\t\t\t\t<section class=\"elementor-section elementor-top-section elementor-element elementor-element-fb1cd18 elementor-section-boxed elementor-section-height-default elementor-section-height-default\" data-id=\"fb1cd18\" data-element_type=\"section\" data-settings=\"{&quot;background_background&quot;:&quot;classic&quot;}\">\n\t\t\t\t\t\t<div class=\"elementor-container elementor-column-gap-default\">\n\t\t\t\t\t\t\t<div class=\"elementor-row\">\n\t\t\t\t\t<div class=\"elementor-column elementor-col-100 elementor-top-column elementor-element elementor-element-96bd5ba\" data-id=\"96bd5ba\" data-element_type=\"column\">\n\t\t\t<div class=\"elementor-column-wrap elementor-element-populated\">\n\t\t\t\t\t\t\t<div class=\"elementor-widget-wrap\">\n\t\t\t\t\t\t<div class=\"elementor-element elementor-element-d8b95c4 elementor-widget elementor-widget-heading\" data-id=\"d8b95c4\" data-element_type=\"widget\" data-widget_type=\"heading.default\">\n\t\t\t\t<div class=\"elementor-widget-container\">\n\t\t\t<p class=\"elementor-heading-title elementor-size-default elementor-heading-title elementor-size-default elementor-align-after-center\">Anfrage Angebot<\/p>\t\t<\/div>\n\t\t\t\t<\/div>\n\t\t\t\t<div class=\"elementor-element elementor-element-1a529e9 elementor-widget elementor-widget-text-editor\" data-id=\"1a529e9\" data-element_type=\"widget\" data-widget_type=\"text-editor.default\">\n\t\t\t\t<div class=\"elementor-widget-container\">\n\t\t\t\t\t\t\t\t<div class=\"elementor-text-editor elementor-clearfix\">\n\t\t\t\t<div id=\"content\" class=\"span8 none none\" data-motopress-type=\"loop\" data-motopress-loop-file=\"loop\/loop-page.php\"><div id=\"post-2177\" class=\"page post-2177 type-page status-publish hentry\"><p style=\"text-align: center;\"><span class=\"VIiyi\" lang=\"de\"><span class=\"JLqJ4b ChMk0b\" data-language-for-alternatives=\"de\" data-language-to-translate-into=\"en\" data-phrase-index=\"0\" data-number-of-phrases=\"1\"><span class=\"Q4iAWc\">F\u00fcr Informationen und Angebote stehen Ihnen unsere Berater gerne zur Verf\u00fcgung<\/span><\/span><\/span><\/p><\/div><\/div>\t\t\t\t\t<\/div>\n\t\t\t\t\t\t<\/div>\n\t\t\t\t<\/div>\n\t\t\t\t\t\t<\/div>\n\t\t\t\t\t<\/div>\n\t\t<\/div>\n\t\t\t\t\t\t\t\t<\/div>\n\t\t\t\t\t<\/div>\n\t\t<\/section>\n\t\t\t\t<section class=\"elementor-section elementor-top-section elementor-element elementor-element-7e01806 elementor-section-boxed elementor-section-height-default elementor-section-height-default\" data-id=\"7e01806\" data-element_type=\"section\">\n\t\t\t\t\t\t<div class=\"elementor-container elementor-column-gap-default\">\n\t\t\t\t\t\t\t<div class=\"elementor-row\">\n\t\t\t\t\t<div class=\"elementor-column elementor-col-33 elementor-top-column elementor-element elementor-element-b452d92\" data-id=\"b452d92\" data-element_type=\"column\">\n\t\t\t<div class=\"elementor-column-wrap\">\n\t\t\t\t\t\t\t<div class=\"elementor-widget-wrap\">\n\t\t\t\t\t\t\t\t<\/div>\n\t\t\t\t\t<\/div>\n\t\t<\/div>\n\t\t\t\t<div class=\"elementor-column elementor-col-33 elementor-top-column elementor-element elementor-element-7f6ef31\" data-id=\"7f6ef31\" data-element_type=\"column\">\n\t\t\t<div class=\"elementor-column-wrap elementor-element-populated\">\n\t\t\t\t\t\t\t<div class=\"elementor-widget-wrap\">\n\t\t\t\t\t\t<div class=\"elementor-element elementor-element-e131298 elementor-button-align-stretch elementor-widget elementor-widget-form\" data-id=\"e131298\" data-element_type=\"widget\" data-settings=\"{&quot;step_next_label&quot;:&quot;Next&quot;,&quot;step_previous_label&quot;:&quot;Previous&quot;,&quot;button_width&quot;:&quot;100&quot;,&quot;step_type&quot;:&quot;number_text&quot;,&quot;step_icon_shape&quot;:&quot;circle&quot;}\" data-widget_type=\"form.default\">\n\t\t\t\t<div class=\"elementor-widget-container\">\n\t\t\t\t\t<form class=\"elementor-form\" method=\"post\" name=\"New Form\">\n\t\t\t<input type=\"hidden\" name=\"post_id\" value=\"8791\"\/>\n\t\t\t<input type=\"hidden\" name=\"form_id\" value=\"e131298\"\/>\n\n\t\t\t\n\t\t\t<div class=\"elementor-form-fields-wrapper elementor-labels-above\">\n\t\t\t\t\t\t\t\t<div class=\"elementor-field-type-text elementor-field-group elementor-column elementor-field-group-name elementor-col-100\">\n\t\t\t\t\t<input size=\"1\" type=\"text\" name=\"form_fields[name]\" id=\"form-field-name\" class=\"elementor-field elementor-size-md  elementor-field-textual\" placeholder=\"Name:\">\t\t\t\t<\/div>\n\t\t\t\t\t\t\t\t<div class=\"elementor-field-type-tel elementor-field-group elementor-column elementor-field-group-field_c8f943f elementor-col-100 elementor-field-required\">\n\t\t\t\t\t<input size=\"1\" type=\"tel\" name=\"form_fields[field_c8f943f]\" id=\"form-field-field_c8f943f\" class=\"elementor-field elementor-size-md  elementor-field-textual\" placeholder=\"Telefon:\" required=\"required\" aria-required=\"true\" pattern=\"[0-9()#&amp;+*-=.]+\" title=\"Only numbers and phone characters (#, -, *, etc) are accepted.\">\t\t\t\t<\/div>\n\t\t\t\t\t\t\t\t<div class=\"elementor-field-type-email elementor-field-group elementor-column elementor-field-group-email elementor-col-100 elementor-field-required\">\n\t\t\t\t\t<input size=\"1\" type=\"email\" name=\"form_fields[email]\" id=\"form-field-email\" class=\"elementor-field elementor-size-md  elementor-field-textual\" placeholder=\"Email:\" required=\"required\" aria-required=\"true\">\t\t\t\t<\/div>\n\t\t\t\t\t\t\t\t<div class=\"elementor-field-type-text elementor-field-group elementor-column elementor-field-group-field_8a1ee22 elementor-col-100 elementor-field-required\">\n\t\t\t\t\t<input size=\"1\" type=\"text\" name=\"form_fields[field_8a1ee22]\" id=\"form-field-field_8a1ee22\" class=\"elementor-field elementor-size-md  elementor-field-textual\" placeholder=\"Message:\" required=\"required\" aria-required=\"true\">\t\t\t\t<\/div>\n\t\t\t\t\t\t\t\t<div class=\"elementor-field-type-acceptance elementor-field-group elementor-column elementor-field-group-field_0ca036b elementor-col-100 elementor-field-required\">\n\t\t\t\t\t<div class=\"elementor-field-subgroup\"><span class=\"elementor-field-option\"><input type=\"checkbox\" name=\"form_fields[field_0ca036b]\" id=\"form-field-field_0ca036b\" class=\"elementor-field elementor-size-md  elementor-acceptance-field\" required=\"required\" aria-required=\"true\"> <label for=\"form-field-field_0ca036b\"> Ich bin einverstanden mit <a href=\"https:\/\/winpharma.ro\/de\/data-protection\/\" target=\"_blank\"><u>Verarbeitungsbedingungen<\/u><\/a>\n\n<\/label><\/span><\/div>\t\t\t\t<\/div>\n\t\t\t\t\t\t\t\t<div class=\"elementor-field-group elementor-column elementor-field-type-submit elementor-col-100 e-form__buttons\">\n\t\t\t\t\t<button type=\"submit\" class=\"elementor-button elementor-size-md\">\n\t\t\t\t\t\t<span >\n\t\t\t\t\t\t\t\t\t\t\t\t\t\t\t<span class=\" elementor-button-icon\">\n\t\t\t\t\t\t\t\t\t\t\t\t\t\t\t\t\t\t\t\t\t\t\t\t\t\t<\/span>\n\t\t\t\t\t\t\t\t\t\t\t\t\t\t\t\t\t\t\t\t\t\t<span class=\"elementor-button-text\">Senden<\/span>\n\t\t\t\t\t\t\t\t\t\t\t\t\t<\/span>\n\t\t\t\t\t<\/button>\n\t\t\t\t<\/div>\n\t\t\t<\/div>\n\t\t<\/form>\n\t\t\t\t<\/div>\n\t\t\t\t<\/div>\n\t\t\t\t\t\t<\/div>\n\t\t\t\t\t<\/div>\n\t\t<\/div>\n\t\t\t\t<div class=\"elementor-column elementor-col-33 elementor-top-column elementor-element elementor-element-97b88ae\" data-id=\"97b88ae\" data-element_type=\"column\">\n\t\t\t<div class=\"elementor-column-wrap\">\n\t\t\t\t\t\t\t<div class=\"elementor-widget-wrap\">\n\t\t\t\t\t\t\t\t<\/div>\n\t\t\t\t\t<\/div>\n\t\t<\/div>\n\t\t\t\t\t\t\t\t<\/div>\n\t\t\t\t\t<\/div>\n\t\t<\/section>\n\t\t\t\t\t\t<\/div>\n\t\t\t\t\t\t<\/div>\n\t\t\t\t\t<\/div>\n\t\t","protected":false},"excerpt":{"rendered":"<p>Haux-QUADRO Home\u00a0 &gt;\u00a0 Produkte\u00a0 &gt;\u00a0 Haux Starmed \/ Quadro &gt; Haux-QUADRO HAUX-QUADRO ist das neueste modulare HAUX-System, das&#8230;<\/p>\n","protected":false},"author":1,"featured_media":0,"parent":0,"menu_order":0,"comment_status":"closed","ping_status":"closed","template":"elementor_header_footer","meta":[],"uagb_featured_image_src":{"full":false,"thumbnail":false,"medium":false,"medium_large":false,"large":false,"1536x1536":false,"2048x2048":false,"manufacturer_vertical_thumb":false,"manufacturer_full":false,"manufacturer_medium":false},"uagb_author_info":{"display_name":"admin","author_link":"https:\/\/winpharma.ro\/de\/author\/admin\/"},"uagb_comment_info":0,"uagb_excerpt":"Haux-QUADRO Home\u00a0 &gt;\u00a0 Produkte\u00a0 &gt;\u00a0 Haux Starmed \/ Quadro &gt; Haux-QUADRO HAUX-QUADRO ist das neueste modulare HAUX-System, das...","_links":{"self":[{"href":"https:\/\/winpharma.ro\/de\/wp-json\/wp\/v2\/pages\/8791"}],"collection":[{"href":"https:\/\/winpharma.ro\/de\/wp-json\/wp\/v2\/pages"}],"about":[{"href":"https:\/\/winpharma.ro\/de\/wp-json\/wp\/v2\/types\/page"}],"author":[{"embeddable":true,"href":"https:\/\/winpharma.ro\/de\/wp-json\/wp\/v2\/users\/1"}],"replies":[{"embeddable":true,"href":"https:\/\/winpharma.ro\/de\/wp-json\/wp\/v2\/comments?post=8791"}],"version-history":[{"count":29,"href":"https:\/\/winpharma.ro\/de\/wp-json\/wp\/v2\/pages\/8791\/revisions"}],"predecessor-version":[{"id":9475,"href":"https:\/\/winpharma.ro\/de\/wp-json\/wp\/v2\/pages\/8791\/revisions\/9475"}],"wp:attachment":[{"href":"https:\/\/winpharma.ro\/de\/wp-json\/wp\/v2\/media?parent=8791"}],"curies":[{"name":"wp","href":"https:\/\/api.w.org\/{rel}","templated":true}]}}