{"id":8737,"date":"2022-05-03T06:30:36","date_gmt":"2022-05-03T06:30:36","guid":{"rendered":"https:\/\/winpharma.ro\/de\/?page_id=8737"},"modified":"2022-05-09T11:56:03","modified_gmt":"2022-05-09T11:56:03","slug":"sudoscan","status":"publish","type":"page","link":"https:\/\/winpharma.ro\/de\/sudoscan\/","title":{"rendered":"Sudoscan"},"content":{"rendered":"\t\t<div data-elementor-type=\"wp-post\" data-elementor-id=\"8737\" class=\"elementor elementor-8737\" data-elementor-settings=\"[]\">\n\t\t\t\t\t\t<div class=\"elementor-inner\">\n\t\t\t\t\t\t\t<div class=\"elementor-section-wrap\">\n\t\t\t\t\t\t\t<section class=\"elementor-section elementor-top-section elementor-element elementor-element-a186a92 elementor-section-boxed elementor-section-height-default elementor-section-height-default\" data-id=\"a186a92\" data-element_type=\"section\" data-settings=\"{&quot;background_background&quot;:&quot;classic&quot;}\">\n\t\t\t\t\t\t<div class=\"elementor-container elementor-column-gap-default\">\n\t\t\t\t\t\t\t<div class=\"elementor-row\">\n\t\t\t\t\t<div class=\"elementor-column elementor-col-100 elementor-top-column elementor-element elementor-element-eb72c58\" data-id=\"eb72c58\" data-element_type=\"column\">\n\t\t\t<div class=\"elementor-column-wrap elementor-element-populated\">\n\t\t\t\t\t\t\t<div class=\"elementor-widget-wrap\">\n\t\t\t\t\t\t<div class=\"elementor-element elementor-element-92ed21b elementor-widget elementor-widget-heading\" data-id=\"92ed21b\" data-element_type=\"widget\" data-widget_type=\"heading.default\">\n\t\t\t\t<div class=\"elementor-widget-container\">\n\t\t\t<h1 class=\"elementor-heading-title elementor-size-default elementor-heading-title elementor-size-default elementor-align-after-center\">Sudoscan<\/h1>\t\t<\/div>\n\t\t\t\t<\/div>\n\t\t\t\t<div class=\"elementor-element elementor-element-102645f elementor-widget elementor-widget-text-editor\" data-id=\"102645f\" data-element_type=\"widget\" data-widget_type=\"text-editor.default\">\n\t\t\t\t<div class=\"elementor-widget-container\">\n\t\t\t\t\t\t\t\t<div class=\"elementor-text-editor elementor-clearfix\">\n\t\t\t\t<p style=\"text-align: center;\"><span style=\"color: #00456f;\"><a href=\"https:\/\/winpharma.ro\/de\/\">Home<\/a>\u00a0 &gt;\u00a0 <a href=\"https:\/\/winpharma.ro\/de\/produkte\/\">Produkte<\/a>\u00a0 &gt;\u00a0 Sudoscan<\/span><\/p>\t\t\t\t\t<\/div>\n\t\t\t\t\t\t<\/div>\n\t\t\t\t<\/div>\n\t\t\t\t\t\t<\/div>\n\t\t\t\t\t<\/div>\n\t\t<\/div>\n\t\t\t\t\t\t\t\t<\/div>\n\t\t\t\t\t<\/div>\n\t\t<\/section>\n\t\t\t\t<section class=\"elementor-section elementor-top-section elementor-element elementor-element-5fe1de6 elementor-section-boxed elementor-section-height-default elementor-section-height-default\" data-id=\"5fe1de6\" data-element_type=\"section\" data-settings=\"{&quot;background_background&quot;:&quot;gradient&quot;}\">\n\t\t\t\t\t\t<div class=\"elementor-container elementor-column-gap-default\">\n\t\t\t\t\t\t\t<div class=\"elementor-row\">\n\t\t\t\t\t<div class=\"elementor-column elementor-col-50 elementor-top-column elementor-element elementor-element-dcd0df0\" data-id=\"dcd0df0\" data-element_type=\"column\" data-settings=\"{&quot;background_background&quot;:&quot;classic&quot;}\">\n\t\t\t<div class=\"elementor-column-wrap elementor-element-populated\">\n\t\t\t\t\t\t\t<div class=\"elementor-widget-wrap\">\n\t\t\t\t\t\t<div class=\"elementor-element elementor-element-3712c86 elementor-widget elementor-widget-image\" data-id=\"3712c86\" data-element_type=\"widget\" data-widget_type=\"image.default\">\n\t\t\t\t<div class=\"elementor-widget-container\">\n\t\t\t\t\t\t\t\t<div class=\"elementor-image\">\n\t\t\t\t\t\t\t\t\t\t\t\t\t<a href=\"https:\/\/winpharma.ro\/de\/wp-content\/uploads\/2022\/05\/w1-6-1.jpg\" data-elementor-open-lightbox=\"yes\" data-elementor-lightbox-title=\"w1-6\">\n\t\t\t\t\t\t\t<img width=\"462\" height=\"339\" src=\"https:\/\/winpharma.ro\/de\/wp-content\/uploads\/2022\/05\/w1-6-1.jpg\" class=\"attachment-large size-large\" alt=\"\" loading=\"lazy\" srcset=\"https:\/\/winpharma.ro\/de\/wp-content\/uploads\/2022\/05\/w1-6-1.jpg 462w, https:\/\/winpharma.ro\/de\/wp-content\/uploads\/2022\/05\/w1-6-1-300x220.jpg 300w, https:\/\/winpharma.ro\/de\/wp-content\/uploads\/2022\/05\/w1-6-1-285x209.jpg 285w\" sizes=\"(max-width: 462px) 100vw, 462px\" \/>\t\t\t\t\t\t\t\t<\/a>\n\t\t\t\t\t\t\t\t\t\t\t\t\t\t<\/div>\n\t\t\t\t\t\t<\/div>\n\t\t\t\t<\/div>\n\t\t\t\t<div class=\"elementor-element elementor-element-937351a elementor-widget elementor-widget-gallery\" data-id=\"937351a\" data-element_type=\"widget\" data-settings=\"{&quot;columns&quot;:2,&quot;lazyload&quot;:&quot;yes&quot;,&quot;gallery_layout&quot;:&quot;grid&quot;,&quot;columns_tablet&quot;:2,&quot;columns_mobile&quot;:1,&quot;gap&quot;:{&quot;unit&quot;:&quot;px&quot;,&quot;size&quot;:10,&quot;sizes&quot;:[]},&quot;gap_tablet&quot;:{&quot;unit&quot;:&quot;px&quot;,&quot;size&quot;:10,&quot;sizes&quot;:[]},&quot;gap_mobile&quot;:{&quot;unit&quot;:&quot;px&quot;,&quot;size&quot;:10,&quot;sizes&quot;:[]},&quot;link_to&quot;:&quot;file&quot;,&quot;aspect_ratio&quot;:&quot;3:2&quot;,&quot;overlay_background&quot;:&quot;yes&quot;,&quot;content_hover_animation&quot;:&quot;fade-in&quot;}\" data-widget_type=\"gallery.default\">\n\t\t\t\t<div class=\"elementor-widget-container\">\n\t\t\t\t\t<div class=\"elementor-gallery__container\">\n\t\t\t\t\t\t\t<a class=\"e-gallery-item elementor-gallery-item elementor-animated-content\" href=\"https:\/\/winpharma.ro\/de\/wp-content\/uploads\/2022\/05\/photo-sudoscan-homepage.jpg\" data-elementor-open-lightbox=\"yes\" data-elementor-lightbox-slideshow=\"all-937351a\" data-elementor-lightbox-title=\"photo-sudoscan-homepage\">\n\t\t\t\t\t<div class=\"e-gallery-image elementor-gallery-item__image\" data-thumbnail=\"https:\/\/winpharma.ro\/de\/wp-content\/uploads\/2022\/05\/photo-sudoscan-homepage.jpg\" data-width=\"708\" data-height=\"614\" alt=\"\" ><\/div>\n\t\t\t\t\t\t\t\t\t\t<div class=\"elementor-gallery-item__overlay\"><\/div>\n\t\t\t\t\t\t\t\t\t\t\t\t\t\t<\/a>\n\t\t\t\t\t\t\t<a class=\"e-gallery-item elementor-gallery-item elementor-animated-content\" href=\"https:\/\/winpharma.ro\/de\/wp-content\/uploads\/2022\/05\/QSART-Sudoscan-test.jpg\" data-elementor-open-lightbox=\"yes\" data-elementor-lightbox-slideshow=\"all-937351a\" data-elementor-lightbox-title=\"QSART-Sudoscan-test\">\n\t\t\t\t\t<div class=\"e-gallery-image elementor-gallery-item__image\" data-thumbnail=\"https:\/\/winpharma.ro\/de\/wp-content\/uploads\/2022\/05\/QSART-Sudoscan-test.jpg\" data-width=\"900\" data-height=\"600\" alt=\"\" ><\/div>\n\t\t\t\t\t\t\t\t\t\t<div class=\"elementor-gallery-item__overlay\"><\/div>\n\t\t\t\t\t\t\t\t\t\t\t\t\t\t<\/a>\n\t\t\t\t\t<\/div>\n\t\t\t<\/div>\n\t\t\t\t<\/div>\n\t\t\t\t\t\t<\/div>\n\t\t\t\t\t<\/div>\n\t\t<\/div>\n\t\t\t\t<div class=\"elementor-column elementor-col-50 elementor-top-column elementor-element elementor-element-47d277e\" data-id=\"47d277e\" data-element_type=\"column\">\n\t\t\t<div class=\"elementor-column-wrap elementor-element-populated\">\n\t\t\t\t\t\t\t<div class=\"elementor-widget-wrap\">\n\t\t\t\t\t\t<div class=\"elementor-element elementor-element-87a7299 elementor-widget elementor-widget-text-editor\" data-id=\"87a7299\" data-element_type=\"widget\" data-widget_type=\"text-editor.default\">\n\t\t\t\t<div class=\"elementor-widget-container\">\n\t\t\t\t\t\t\t\t<div class=\"elementor-text-editor elementor-clearfix\">\n\t\t\t\t<div id=\"content\" class=\"span8 none none\" data-motopress-type=\"loop\" data-motopress-loop-file=\"loop\/loop-page.php\"><div id=\"post-2177\" class=\"page post-2177 type-page status-publish hentry\"><div id=\"content\" class=\"span8 none none\" data-motopress-type=\"loop\" data-motopress-loop-file=\"loop\/loop-page.php\"><div id=\"post-2177\" class=\"page post-2177 type-page status-publish hentry\"><p><strong><span class=\"VIiyi\" lang=\"en\"><span class=\"JLqJ4b ChMk0b\" data-language-for-alternatives=\"en\" data-language-to-translate-into=\"ro\" data-phrase-index=\"0\" data-number-of-phrases=\"1\"><span class=\"Q4iAWc\"><span class=\"VIiyi\" lang=\"de\">Ger\u00e4t zur Fr\u00fcherkennung und \u00dcberwachung der peripheren autonomen Neuropathie<\/span><\/span><\/span><\/span><\/strong><\/p><\/div><\/div><p><span class=\"VIiyi\" lang=\"de\"><span class=\"JLqJ4b ChMk0b\" data-language-for-alternatives=\"de\" data-language-to-translate-into=\"en\" data-phrase-index=\"2\" data-number-of-phrases=\"27\"><span class=\"Q4iAWc\">SUDOSCAN bewertet die Funktion der vom peripheren System innervierten Schwei\u00dfdr\u00fcsen.<\/span><\/span> <span class=\"JLqJ4b ChMk0b\" data-language-for-alternatives=\"de\" data-language-to-translate-into=\"en\" data-phrase-index=\"3\" data-number-of-phrases=\"27\"><span class=\"Q4iAWc\">Durch das Testen der Schwei\u00dffunktion erm\u00f6glicht SUDOSCAN \u00c4rzten, Neuropathie zu erkennen und zu verfolgen, um Behandlungspl\u00e4ne f\u00fcr Patienten besser zu personalisieren und zu \u00fcberwachen.<\/span><\/span><\/span><\/p><p><strong><span class=\"VIiyi\" lang=\"de\"><span class=\"JLqJ4b ChMk0b\" data-language-for-alternatives=\"de\" data-language-to-translate-into=\"en\" data-phrase-index=\"5\" data-number-of-phrases=\"27\"><span class=\"Q4iAWc\">Klare Ergebnisse<\/span><\/span> <\/span><br \/><\/strong><\/p><p><strong><span class=\"VIiyi\" lang=\"de\"><span class=\"JLqJ4b ChMk0b\" data-language-for-alternatives=\"de\" data-language-to-translate-into=\"en\" data-phrase-index=\"7\" data-number-of-phrases=\"27\"><span class=\"Q4iAWc\">Einfach<\/span><\/span><\/span><\/strong><br \/><span class=\"VIiyi\" lang=\"de\"><span class=\"JLqJ4b ChMk0b\" data-language-for-alternatives=\"de\" data-language-to-translate-into=\"en\" data-phrase-index=\"9\" data-number-of-phrases=\"27\"><span class=\"Q4iAWc\">Detaillierte Grafiken erm\u00f6glichen eine visuelle Auswertung der Ergebnisse.<\/span><\/span><\/span><\/p><p><strong><span class=\"VIiyi\" lang=\"de\"><span class=\"JLqJ4b ChMk0b\" data-language-for-alternatives=\"de\" data-language-to-translate-into=\"en\" data-phrase-index=\"11\" data-number-of-phrases=\"27\"><span class=\"Q4iAWc\">Quantitativ<\/span><\/span><\/span><\/strong><br \/><span class=\"VIiyi\" lang=\"en\"><span class=\"JLqJ4b ChMk0b\" data-language-for-alternatives=\"en\" data-language-to-translate-into=\"ro\" data-phrase-index=\"1\" data-number-of-phrases=\"2\"><span class=\"Q4iAWc\"><span class=\"VIiyi\" lang=\"de\">Tats\u00e4chliche Werte der galvanischen Hautreaktion in den Handfl\u00e4chen und Fu\u00dfsohlen zeigen die Schwere der Neuropathie an. Diese Bestimmung kann mit den Ergebnissen nachfolgender Tests verglichen werden, um das Ansprechen des Patienten auf die Behandlung oder andere vorgeschriebene Eingriffe zu beurteilen.<\/span><\/span><\/span><\/span><\/p><p><strong><span class=\"VIiyi\" lang=\"de\"><span class=\"JLqJ4b ChMk0b\" data-language-for-alternatives=\"de\" data-language-to-translate-into=\"en\" data-phrase-index=\"16\" data-number-of-phrases=\"27\"><span class=\"Q4iAWc\">Symmetrie<\/span><\/span><\/span><\/strong><br \/><span class=\"VIiyi\" lang=\"en\"><span class=\"JLqJ4b ChMk0b\" data-language-for-alternatives=\"en\" data-language-to-translate-into=\"ro\" data-phrase-index=\"0\" data-number-of-phrases=\"1\"><span class=\"Q4iAWc\"><span class=\"VIiyi\" lang=\"de\">M\u00f6gliche Asymmetrien zwischen rechter und linker Seite helfen, den Typ der peripheren Neuropathie zu identifizieren<\/span>.<\/span><\/span><\/span><\/p><p><strong><span class=\"VIiyi\" lang=\"de\"><span class=\"JLqJ4b ChMk0b\" data-language-for-alternatives=\"de\" data-language-to-translate-into=\"en\" data-phrase-index=\"20\" data-number-of-phrases=\"27\"><span class=\"Q4iAWc\">Herzneuropathie<\/span><\/span><\/span><\/strong><br \/><span class=\"VIiyi\" lang=\"en\"><span class=\"JLqJ4b ChMk0b\" data-language-for-alternatives=\"en\" data-language-to-translate-into=\"ro\" data-phrase-index=\"0\" data-number-of-phrases=\"1\"><span class=\"Q4iAWc\"><span class=\"VIiyi\" lang=\"de\">Risikobewertung der Herzneuropathie<\/span>.<\/span><\/span><\/span><\/p><p><span class=\"markedContent\"><strong><span class=\"VIiyi\" lang=\"de\"><span class=\"JLqJ4b ChMk0b\" data-language-for-alternatives=\"de\" data-language-to-translate-into=\"en\" data-phrase-index=\"24\" data-number-of-phrases=\"27\"><span class=\"Q4iAWc\">Schnelles Ergebnis und Testbericht<\/span><\/span><\/span><\/strong><br role=\"presentation\" \/><span dir=\"ltr\" role=\"presentation\"><span class=\"VIiyi\" lang=\"de\"><span class=\"JLqJ4b ChMk0b\" data-language-for-alternatives=\"de\" data-language-to-translate-into=\"en\" data-phrase-index=\"26\" data-number-of-phrases=\"27\"><span class=\"Q4iAWc\">Der Report wird unmittelbar nach Abschluss der Bestimmung erstellt.<\/span><\/span><\/span><\/span><\/span><\/p><\/div><\/div>\t\t\t\t\t<\/div>\n\t\t\t\t\t\t<\/div>\n\t\t\t\t<\/div>\n\t\t\t\t<div class=\"elementor-element elementor-element-1b4d2b1 elementor-align-left elementor-widget elementor-widget-button\" data-id=\"1b4d2b1\" data-element_type=\"widget\" data-settings=\"{&quot;_animation&quot;:&quot;none&quot;}\" data-widget_type=\"button.default\">\n\t\t\t\t<div class=\"elementor-widget-container\">\n\t\t\t\t\t<div class=\"elementor-button-wrapper\">\n\t\t\t<a href=\"https:\/\/winpharma.ro\/wp-content\/uploads\/2022\/05\/SUDOSCAN_pliant-04.2016-1-2.pdf\" target=\"_blank\" class=\"elementor-button-link elementor-button elementor-size-sm elementor-animation-grow\" role=\"button\">\n\t\t\t\t\t\t<span class=\"elementor-button-content-wrapper\">\n\t\t\t\t\t\t<span class=\"elementor-button-text\">siehe Gesamtbrosch\u00fcre<\/span>\n\t\t<\/span>\n\t\t\t\t\t<\/a>\n\t\t<\/div>\n\t\t\t\t<\/div>\n\t\t\t\t<\/div>\n\t\t\t\t\t\t<\/div>\n\t\t\t\t\t<\/div>\n\t\t<\/div>\n\t\t\t\t\t\t\t\t<\/div>\n\t\t\t\t\t<\/div>\n\t\t<\/section>\n\t\t\t\t<section class=\"elementor-section elementor-top-section elementor-element elementor-element-924bc38 elementor-section-boxed elementor-section-height-default elementor-section-height-default\" data-id=\"924bc38\" data-element_type=\"section\" data-settings=\"{&quot;background_background&quot;:&quot;classic&quot;}\">\n\t\t\t\t\t\t<div class=\"elementor-container elementor-column-gap-default\">\n\t\t\t\t\t\t\t<div class=\"elementor-row\">\n\t\t\t\t\t<div class=\"elementor-column elementor-col-100 elementor-top-column elementor-element elementor-element-102ed0e\" data-id=\"102ed0e\" data-element_type=\"column\">\n\t\t\t<div class=\"elementor-column-wrap elementor-element-populated\">\n\t\t\t\t\t\t\t<div class=\"elementor-widget-wrap\">\n\t\t\t\t\t\t<div class=\"elementor-element elementor-element-be1450d elementor-widget elementor-widget-heading\" data-id=\"be1450d\" data-element_type=\"widget\" data-widget_type=\"heading.default\">\n\t\t\t\t<div class=\"elementor-widget-container\">\n\t\t\t<p class=\"elementor-heading-title elementor-size-default elementor-heading-title elementor-size-default elementor-align-after-center\">Anfrage Angebot<\/p>\t\t<\/div>\n\t\t\t\t<\/div>\n\t\t\t\t<div class=\"elementor-element elementor-element-3cc6372 elementor-widget elementor-widget-text-editor\" data-id=\"3cc6372\" data-element_type=\"widget\" data-widget_type=\"text-editor.default\">\n\t\t\t\t<div class=\"elementor-widget-container\">\n\t\t\t\t\t\t\t\t<div class=\"elementor-text-editor elementor-clearfix\">\n\t\t\t\t<div id=\"content\" class=\"span8 none none\" data-motopress-type=\"loop\" data-motopress-loop-file=\"loop\/loop-page.php\"><div id=\"post-2177\" class=\"page post-2177 type-page status-publish hentry\"><p style=\"text-align: center;\"><span class=\"VIiyi\" lang=\"de\"><span class=\"JLqJ4b ChMk0b\" data-language-for-alternatives=\"de\" data-language-to-translate-into=\"en\" data-phrase-index=\"0\" data-number-of-phrases=\"1\"><span class=\"Q4iAWc\">F\u00fcr Informationen und Angebote stehen Ihnen unsere Berater gerne zur Verf\u00fcgung<\/span><\/span><\/span><\/p><\/div><\/div>\t\t\t\t\t<\/div>\n\t\t\t\t\t\t<\/div>\n\t\t\t\t<\/div>\n\t\t\t\t\t\t<\/div>\n\t\t\t\t\t<\/div>\n\t\t<\/div>\n\t\t\t\t\t\t\t\t<\/div>\n\t\t\t\t\t<\/div>\n\t\t<\/section>\n\t\t\t\t<section class=\"elementor-section elementor-top-section elementor-element elementor-element-0ca6652 elementor-section-boxed elementor-section-height-default elementor-section-height-default\" data-id=\"0ca6652\" data-element_type=\"section\">\n\t\t\t\t\t\t<div class=\"elementor-container elementor-column-gap-default\">\n\t\t\t\t\t\t\t<div class=\"elementor-row\">\n\t\t\t\t\t<div class=\"elementor-column elementor-col-33 elementor-top-column elementor-element elementor-element-facaf9b\" data-id=\"facaf9b\" data-element_type=\"column\">\n\t\t\t<div class=\"elementor-column-wrap\">\n\t\t\t\t\t\t\t<div class=\"elementor-widget-wrap\">\n\t\t\t\t\t\t\t\t<\/div>\n\t\t\t\t\t<\/div>\n\t\t<\/div>\n\t\t\t\t<div class=\"elementor-column elementor-col-33 elementor-top-column elementor-element elementor-element-62d5bf6\" data-id=\"62d5bf6\" data-element_type=\"column\">\n\t\t\t<div class=\"elementor-column-wrap elementor-element-populated\">\n\t\t\t\t\t\t\t<div class=\"elementor-widget-wrap\">\n\t\t\t\t\t\t<div class=\"elementor-element elementor-element-4aad7b0 elementor-button-align-stretch elementor-widget elementor-widget-form\" data-id=\"4aad7b0\" data-element_type=\"widget\" data-settings=\"{&quot;step_next_label&quot;:&quot;Next&quot;,&quot;step_previous_label&quot;:&quot;Previous&quot;,&quot;button_width&quot;:&quot;100&quot;,&quot;step_type&quot;:&quot;number_text&quot;,&quot;step_icon_shape&quot;:&quot;circle&quot;}\" data-widget_type=\"form.default\">\n\t\t\t\t<div class=\"elementor-widget-container\">\n\t\t\t\t\t<form class=\"elementor-form\" method=\"post\" name=\"New Form\">\n\t\t\t<input type=\"hidden\" name=\"post_id\" value=\"8737\"\/>\n\t\t\t<input type=\"hidden\" name=\"form_id\" value=\"4aad7b0\"\/>\n\n\t\t\t\n\t\t\t<div class=\"elementor-form-fields-wrapper elementor-labels-above\">\n\t\t\t\t\t\t\t\t<div class=\"elementor-field-type-text elementor-field-group elementor-column elementor-field-group-name elementor-col-100\">\n\t\t\t\t\t<input size=\"1\" type=\"text\" name=\"form_fields[name]\" id=\"form-field-name\" class=\"elementor-field elementor-size-md  elementor-field-textual\" placeholder=\"Name:\">\t\t\t\t<\/div>\n\t\t\t\t\t\t\t\t<div class=\"elementor-field-type-tel elementor-field-group elementor-column elementor-field-group-field_c8f943f elementor-col-100 elementor-field-required\">\n\t\t\t\t\t<input size=\"1\" type=\"tel\" name=\"form_fields[field_c8f943f]\" id=\"form-field-field_c8f943f\" class=\"elementor-field elementor-size-md  elementor-field-textual\" placeholder=\"Telefon:\" required=\"required\" aria-required=\"true\" pattern=\"[0-9()#&amp;+*-=.]+\" title=\"Only numbers and phone characters (#, -, *, etc) are accepted.\">\t\t\t\t<\/div>\n\t\t\t\t\t\t\t\t<div class=\"elementor-field-type-email elementor-field-group elementor-column elementor-field-group-email elementor-col-100 elementor-field-required\">\n\t\t\t\t\t<input size=\"1\" type=\"email\" name=\"form_fields[email]\" id=\"form-field-email\" class=\"elementor-field elementor-size-md  elementor-field-textual\" placeholder=\"Email:\" required=\"required\" aria-required=\"true\">\t\t\t\t<\/div>\n\t\t\t\t\t\t\t\t<div class=\"elementor-field-type-text elementor-field-group elementor-column elementor-field-group-field_8a1ee22 elementor-col-100 elementor-field-required\">\n\t\t\t\t\t<input size=\"1\" type=\"text\" name=\"form_fields[field_8a1ee22]\" id=\"form-field-field_8a1ee22\" class=\"elementor-field elementor-size-md  elementor-field-textual\" placeholder=\"Message:\" required=\"required\" aria-required=\"true\">\t\t\t\t<\/div>\n\t\t\t\t\t\t\t\t<div class=\"elementor-field-type-acceptance elementor-field-group elementor-column elementor-field-group-field_0ca036b elementor-col-100 elementor-field-required\">\n\t\t\t\t\t<div class=\"elementor-field-subgroup\"><span class=\"elementor-field-option\"><input type=\"checkbox\" name=\"form_fields[field_0ca036b]\" id=\"form-field-field_0ca036b\" class=\"elementor-field elementor-size-md  elementor-acceptance-field\" required=\"required\" aria-required=\"true\"> <label for=\"form-field-field_0ca036b\"> Ich bin einverstanden mit <a href=\"https:\/\/winpharma.ro\/de\/data-protection\/\" target=\"_blank\"><u>Verarbeitungsbedingungen<\/u><\/a>\n\n<\/label><\/span><\/div>\t\t\t\t<\/div>\n\t\t\t\t\t\t\t\t<div class=\"elementor-field-group elementor-column elementor-field-type-submit elementor-col-100 e-form__buttons\">\n\t\t\t\t\t<button type=\"submit\" class=\"elementor-button elementor-size-md\">\n\t\t\t\t\t\t<span >\n\t\t\t\t\t\t\t\t\t\t\t\t\t\t\t<span class=\" elementor-button-icon\">\n\t\t\t\t\t\t\t\t\t\t\t\t\t\t\t\t\t\t\t\t\t\t\t\t\t\t<\/span>\n\t\t\t\t\t\t\t\t\t\t\t\t\t\t\t\t\t\t\t\t\t\t<span class=\"elementor-button-text\">Senden<\/span>\n\t\t\t\t\t\t\t\t\t\t\t\t\t<\/span>\n\t\t\t\t\t<\/button>\n\t\t\t\t<\/div>\n\t\t\t<\/div>\n\t\t<\/form>\n\t\t\t\t<\/div>\n\t\t\t\t<\/div>\n\t\t\t\t\t\t<\/div>\n\t\t\t\t\t<\/div>\n\t\t<\/div>\n\t\t\t\t<div class=\"elementor-column elementor-col-33 elementor-top-column elementor-element elementor-element-b716074\" data-id=\"b716074\" data-element_type=\"column\">\n\t\t\t<div class=\"elementor-column-wrap\">\n\t\t\t\t\t\t\t<div class=\"elementor-widget-wrap\">\n\t\t\t\t\t\t\t\t<\/div>\n\t\t\t\t\t<\/div>\n\t\t<\/div>\n\t\t\t\t\t\t\t\t<\/div>\n\t\t\t\t\t<\/div>\n\t\t<\/section>\n\t\t\t\t\t\t<\/div>\n\t\t\t\t\t\t<\/div>\n\t\t\t\t\t<\/div>\n\t\t","protected":false},"excerpt":{"rendered":"<p>Sudoscan Home\u00a0 &gt;\u00a0 Produkte\u00a0 &gt;\u00a0 Sudoscan Ger\u00e4t zur Fr\u00fcherkennung und \u00dcberwachung der peripheren autonomen Neuropathie SUDOSCAN bewertet die&#8230;<\/p>\n","protected":false},"author":1,"featured_media":0,"parent":0,"menu_order":0,"comment_status":"closed","ping_status":"closed","template":"elementor_header_footer","meta":[],"uagb_featured_image_src":{"full":false,"thumbnail":false,"medium":false,"medium_large":false,"large":false,"1536x1536":false,"2048x2048":false,"manufacturer_vertical_thumb":false,"manufacturer_full":false,"manufacturer_medium":false},"uagb_author_info":{"display_name":"admin","author_link":"https:\/\/winpharma.ro\/de\/author\/admin\/"},"uagb_comment_info":0,"uagb_excerpt":"Sudoscan Home\u00a0 &gt;\u00a0 Produkte\u00a0 &gt;\u00a0 Sudoscan Ger\u00e4t zur Fr\u00fcherkennung und \u00dcberwachung der peripheren autonomen Neuropathie SUDOSCAN bewertet die...","_links":{"self":[{"href":"https:\/\/winpharma.ro\/de\/wp-json\/wp\/v2\/pages\/8737"}],"collection":[{"href":"https:\/\/winpharma.ro\/de\/wp-json\/wp\/v2\/pages"}],"about":[{"href":"https:\/\/winpharma.ro\/de\/wp-json\/wp\/v2\/types\/page"}],"author":[{"embeddable":true,"href":"https:\/\/winpharma.ro\/de\/wp-json\/wp\/v2\/users\/1"}],"replies":[{"embeddable":true,"href":"https:\/\/winpharma.ro\/de\/wp-json\/wp\/v2\/comments?post=8737"}],"version-history":[{"count":61,"href":"https:\/\/winpharma.ro\/de\/wp-json\/wp\/v2\/pages\/8737\/revisions"}],"predecessor-version":[{"id":9495,"href":"https:\/\/winpharma.ro\/de\/wp-json\/wp\/v2\/pages\/8737\/revisions\/9495"}],"wp:attachment":[{"href":"https:\/\/winpharma.ro\/de\/wp-json\/wp\/v2\/media?parent=8737"}],"curies":[{"name":"wp","href":"https:\/\/api.w.org\/{rel}","templated":true}]}}