{"id":8674,"date":"2022-05-02T10:04:48","date_gmt":"2022-05-02T10:04:48","guid":{"rendered":"https:\/\/winpharma.ro\/de\/?page_id=8674"},"modified":"2022-05-09T11:55:31","modified_gmt":"2022-05-09T11:55:31","slug":"idiag-m360-spinalmouse","status":"publish","type":"page","link":"https:\/\/winpharma.ro\/de\/idiag-m360-spinalmouse\/","title":{"rendered":"IDIAG M360\u00ae (SpinalMouse\u00ae)"},"content":{"rendered":"\t\t<div data-elementor-type=\"wp-post\" data-elementor-id=\"8674\" class=\"elementor elementor-8674\" data-elementor-settings=\"[]\">\n\t\t\t\t\t\t<div class=\"elementor-inner\">\n\t\t\t\t\t\t\t<div class=\"elementor-section-wrap\">\n\t\t\t\t\t\t\t<section class=\"elementor-section elementor-top-section elementor-element elementor-element-a186a92 elementor-section-boxed elementor-section-height-default elementor-section-height-default\" data-id=\"a186a92\" data-element_type=\"section\" data-settings=\"{&quot;background_background&quot;:&quot;classic&quot;}\">\n\t\t\t\t\t\t<div class=\"elementor-container elementor-column-gap-default\">\n\t\t\t\t\t\t\t<div class=\"elementor-row\">\n\t\t\t\t\t<div class=\"elementor-column elementor-col-100 elementor-top-column elementor-element elementor-element-eb72c58\" data-id=\"eb72c58\" data-element_type=\"column\">\n\t\t\t<div class=\"elementor-column-wrap elementor-element-populated\">\n\t\t\t\t\t\t\t<div class=\"elementor-widget-wrap\">\n\t\t\t\t\t\t<div class=\"elementor-element elementor-element-92ed21b elementor-widget elementor-widget-heading\" data-id=\"92ed21b\" data-element_type=\"widget\" data-widget_type=\"heading.default\">\n\t\t\t\t<div class=\"elementor-widget-container\">\n\t\t\t<h1 class=\"elementor-heading-title elementor-size-default elementor-heading-title elementor-size-default elementor-align-after-center\">IDIAG M360\u00ae (SpinalMouse\u00ae)<\/h1>\t\t<\/div>\n\t\t\t\t<\/div>\n\t\t\t\t<div class=\"elementor-element elementor-element-102645f elementor-widget elementor-widget-text-editor\" data-id=\"102645f\" data-element_type=\"widget\" data-widget_type=\"text-editor.default\">\n\t\t\t\t<div class=\"elementor-widget-container\">\n\t\t\t\t\t\t\t\t<div class=\"elementor-text-editor elementor-clearfix\">\n\t\t\t\t<p style=\"text-align: center;\"><span style=\"color: #00456f;\"><a style=\"color: #00456f;\" href=\"https:\/\/winpharma.ro\/de\/\">Home<\/a>\u00a0 &gt;\u00a0 <a style=\"color: #00456f;\" href=\"https:\/\/winpharma.ro\/de\/produkte\/\">Produkte<\/a>\u00a0 &gt;\u00a0 IDIAG M360\u00ae (SpinalMouse\u00ae)<\/span><\/p>\t\t\t\t\t<\/div>\n\t\t\t\t\t\t<\/div>\n\t\t\t\t<\/div>\n\t\t\t\t\t\t<\/div>\n\t\t\t\t\t<\/div>\n\t\t<\/div>\n\t\t\t\t\t\t\t\t<\/div>\n\t\t\t\t\t<\/div>\n\t\t<\/section>\n\t\t\t\t<section class=\"elementor-section elementor-top-section elementor-element elementor-element-5fe1de6 elementor-section-boxed elementor-section-height-default elementor-section-height-default\" data-id=\"5fe1de6\" data-element_type=\"section\" data-settings=\"{&quot;background_background&quot;:&quot;gradient&quot;}\">\n\t\t\t\t\t\t\t<div class=\"elementor-background-overlay\"><\/div>\n\t\t\t\t\t\t\t<div class=\"elementor-container elementor-column-gap-default\">\n\t\t\t\t\t\t\t<div class=\"elementor-row\">\n\t\t\t\t\t<div class=\"elementor-column elementor-col-50 elementor-top-column elementor-element elementor-element-dcd0df0\" data-id=\"dcd0df0\" data-element_type=\"column\" data-settings=\"{&quot;background_background&quot;:&quot;classic&quot;}\">\n\t\t\t<div class=\"elementor-column-wrap elementor-element-populated\">\n\t\t\t\t\t\t\t<div class=\"elementor-widget-wrap\">\n\t\t\t\t\t\t<div class=\"elementor-element elementor-element-3712c86 elementor-widget elementor-widget-image\" data-id=\"3712c86\" data-element_type=\"widget\" data-widget_type=\"image.default\">\n\t\t\t\t<div class=\"elementor-widget-container\">\n\t\t\t\t\t\t\t\t<div class=\"elementor-image\">\n\t\t\t\t\t\t\t\t\t\t\t\t\t<a href=\"https:\/\/winpharma.ro\/de\/wp-content\/uploads\/2022\/05\/w1-1.jpg\" data-elementor-open-lightbox=\"yes\" data-elementor-lightbox-title=\"w1\">\n\t\t\t\t\t\t\t<img width=\"462\" height=\"339\" src=\"https:\/\/winpharma.ro\/de\/wp-content\/uploads\/2022\/05\/w1-1.jpg\" class=\"attachment-large size-large\" alt=\"\" loading=\"lazy\" srcset=\"https:\/\/winpharma.ro\/de\/wp-content\/uploads\/2022\/05\/w1-1.jpg 462w, https:\/\/winpharma.ro\/de\/wp-content\/uploads\/2022\/05\/w1-1-300x220.jpg 300w, https:\/\/winpharma.ro\/de\/wp-content\/uploads\/2022\/05\/w1-1-285x209.jpg 285w\" sizes=\"(max-width: 462px) 100vw, 462px\" \/>\t\t\t\t\t\t\t\t<\/a>\n\t\t\t\t\t\t\t\t\t\t\t\t\t\t<\/div>\n\t\t\t\t\t\t<\/div>\n\t\t\t\t<\/div>\n\t\t\t\t<div class=\"elementor-element elementor-element-937351a elementor-widget elementor-widget-gallery\" data-id=\"937351a\" data-element_type=\"widget\" data-settings=\"{&quot;columns&quot;:2,&quot;lazyload&quot;:&quot;yes&quot;,&quot;gallery_layout&quot;:&quot;grid&quot;,&quot;columns_tablet&quot;:2,&quot;columns_mobile&quot;:1,&quot;gap&quot;:{&quot;unit&quot;:&quot;px&quot;,&quot;size&quot;:10,&quot;sizes&quot;:[]},&quot;gap_tablet&quot;:{&quot;unit&quot;:&quot;px&quot;,&quot;size&quot;:10,&quot;sizes&quot;:[]},&quot;gap_mobile&quot;:{&quot;unit&quot;:&quot;px&quot;,&quot;size&quot;:10,&quot;sizes&quot;:[]},&quot;link_to&quot;:&quot;file&quot;,&quot;aspect_ratio&quot;:&quot;3:2&quot;,&quot;overlay_background&quot;:&quot;yes&quot;,&quot;content_hover_animation&quot;:&quot;fade-in&quot;}\" data-widget_type=\"gallery.default\">\n\t\t\t\t<div class=\"elementor-widget-container\">\n\t\t\t\t\t<div class=\"elementor-gallery__container\">\n\t\t\t\t\t\t\t<a class=\"e-gallery-item elementor-gallery-item elementor-animated-content\" href=\"https:\/\/winpharma.ro\/de\/wp-content\/uploads\/2022\/05\/Screenshot_1.jpg\" data-elementor-open-lightbox=\"yes\" data-elementor-lightbox-slideshow=\"all-937351a\" data-elementor-lightbox-title=\"Screenshot_1\">\n\t\t\t\t\t<div class=\"e-gallery-image elementor-gallery-item__image\" data-thumbnail=\"https:\/\/winpharma.ro\/de\/wp-content\/uploads\/2022\/05\/Screenshot_1.jpg\" data-width=\"1187\" data-height=\"877\" alt=\"\" ><\/div>\n\t\t\t\t\t\t\t\t\t\t<div class=\"elementor-gallery-item__overlay\"><\/div>\n\t\t\t\t\t\t\t\t\t\t\t\t\t\t<\/a>\n\t\t\t\t\t\t\t<a class=\"e-gallery-item elementor-gallery-item elementor-animated-content\" href=\"https:\/\/winpharma.ro\/de\/wp-content\/uploads\/2022\/05\/Screenshot_2.jpg\" data-elementor-open-lightbox=\"yes\" data-elementor-lightbox-slideshow=\"all-937351a\" data-elementor-lightbox-title=\"Screenshot_2\">\n\t\t\t\t\t<div class=\"e-gallery-image elementor-gallery-item__image\" data-thumbnail=\"https:\/\/winpharma.ro\/de\/wp-content\/uploads\/2022\/05\/Screenshot_2.jpg\" data-width=\"800\" data-height=\"571\" alt=\"\" ><\/div>\n\t\t\t\t\t\t\t\t\t\t<div class=\"elementor-gallery-item__overlay\"><\/div>\n\t\t\t\t\t\t\t\t\t\t\t\t\t\t<\/a>\n\t\t\t\t\t<\/div>\n\t\t\t<\/div>\n\t\t\t\t<\/div>\n\t\t\t\t\t\t<\/div>\n\t\t\t\t\t<\/div>\n\t\t<\/div>\n\t\t\t\t<div class=\"elementor-column elementor-col-50 elementor-top-column elementor-element elementor-element-47d277e\" data-id=\"47d277e\" data-element_type=\"column\">\n\t\t\t<div class=\"elementor-column-wrap elementor-element-populated\">\n\t\t\t\t\t\t\t<div class=\"elementor-widget-wrap\">\n\t\t\t\t\t\t<div class=\"elementor-element elementor-element-87a7299 elementor-widget elementor-widget-text-editor\" data-id=\"87a7299\" data-element_type=\"widget\" data-widget_type=\"text-editor.default\">\n\t\t\t\t<div class=\"elementor-widget-container\">\n\t\t\t\t\t\t\t\t<div class=\"elementor-text-editor elementor-clearfix\">\n\t\t\t\t<div id=\"content\" class=\"span8 none none\" data-motopress-type=\"loop\" data-motopress-loop-file=\"loop\/loop-page.php\"><div id=\"post-2177\" class=\"page post-2177 type-page status-publish hentry\"><div id=\"content\" class=\"span8 none none\" data-motopress-type=\"loop\" data-motopress-loop-file=\"loop\/loop-page.php\"><div id=\"post-2177\" class=\"page post-2177 type-page status-publish hentry\"><p><strong>Identifiziert die Grundlagen f\u00fcr individuelle R\u00fcckenbehandlungen. <\/strong><\/p><\/div><\/div><p><strong>Diagnose<\/strong><\/p><ul><li>Individuelle Analyse des R\u00fcckens f\u00fcr gezielte Therapien.<\/li><li>Optimierter Behandlungserfolg und reduzierte Risiken.<\/li><\/ul><p><strong>Therapiekontrolle<\/strong><\/p><ul><li>Die Haltungsanalyse umfasst transparente Patienteninformation in Form einfacher, leicht verst\u00e4ndlicher Grafiken.<\/li><li>Pr\u00e4zise Daten \u00fcber Geometrie der Wirbels\u00e4ule zur Dokumentation des Behandlungserfolgs.<\/li><\/ul><p><strong>Pr\u00e4vention<\/strong><\/p><ul><li>Identifikation m\u00f6glicher Auff\u00e4lligkeiten durch fundierte Bestimmung der R\u00fcckengeometrie, Stabilit\u00e4t und Mobilit\u00e4t. Erzeugung von relevanten klinischen Daten f\u00fcr die Entwicklung von erfolgreichen Therapien.<\/li><\/ul><\/div><\/div>\t\t\t\t\t<\/div>\n\t\t\t\t\t\t<\/div>\n\t\t\t\t<\/div>\n\t\t\t\t<div class=\"elementor-element elementor-element-c1019b3 elementor-align-left elementor-widget elementor-widget-button\" data-id=\"c1019b3\" data-element_type=\"widget\" data-settings=\"{&quot;_animation&quot;:&quot;none&quot;}\" data-widget_type=\"button.default\">\n\t\t\t\t<div class=\"elementor-widget-container\">\n\t\t\t\t\t<div class=\"elementor-button-wrapper\">\n\t\t\t<a href=\"https:\/\/winpharma.ro\/wp-content\/uploads\/2022\/05\/Spinal-Mouse_flyer_A4-copy-2.pdf\" target=\"_blank\" class=\"elementor-button-link elementor-button elementor-size-sm elementor-animation-grow\" role=\"button\">\n\t\t\t\t\t\t<span class=\"elementor-button-content-wrapper\">\n\t\t\t\t\t\t<span class=\"elementor-button-text\">siehe Gesamtbrosch\u00fcre<\/span>\n\t\t<\/span>\n\t\t\t\t\t<\/a>\n\t\t<\/div>\n\t\t\t\t<\/div>\n\t\t\t\t<\/div>\n\t\t\t\t\t\t<\/div>\n\t\t\t\t\t<\/div>\n\t\t<\/div>\n\t\t\t\t\t\t\t\t<\/div>\n\t\t\t\t\t<\/div>\n\t\t<\/section>\n\t\t\t\t<section class=\"elementor-section elementor-top-section elementor-element elementor-element-39ca280 elementor-section-boxed elementor-section-height-default elementor-section-height-default\" data-id=\"39ca280\" data-element_type=\"section\" data-settings=\"{&quot;background_background&quot;:&quot;classic&quot;}\">\n\t\t\t\t\t\t<div class=\"elementor-container elementor-column-gap-default\">\n\t\t\t\t\t\t\t<div class=\"elementor-row\">\n\t\t\t\t\t<div class=\"elementor-column elementor-col-100 elementor-top-column elementor-element elementor-element-06c505f\" data-id=\"06c505f\" data-element_type=\"column\">\n\t\t\t<div class=\"elementor-column-wrap elementor-element-populated\">\n\t\t\t\t\t\t\t<div class=\"elementor-widget-wrap\">\n\t\t\t\t\t\t<div class=\"elementor-element elementor-element-ea5fb1a elementor-widget elementor-widget-heading\" data-id=\"ea5fb1a\" data-element_type=\"widget\" data-widget_type=\"heading.default\">\n\t\t\t\t<div class=\"elementor-widget-container\">\n\t\t\t<p class=\"elementor-heading-title elementor-size-default elementor-heading-title elementor-size-default elementor-align-after-center\">Anfrage Angebot<\/p>\t\t<\/div>\n\t\t\t\t<\/div>\n\t\t\t\t<div class=\"elementor-element elementor-element-1ed307e elementor-widget elementor-widget-text-editor\" data-id=\"1ed307e\" data-element_type=\"widget\" data-widget_type=\"text-editor.default\">\n\t\t\t\t<div class=\"elementor-widget-container\">\n\t\t\t\t\t\t\t\t<div class=\"elementor-text-editor elementor-clearfix\">\n\t\t\t\t<div id=\"content\" class=\"span8 none none\" data-motopress-type=\"loop\" data-motopress-loop-file=\"loop\/loop-page.php\"><div id=\"post-2177\" class=\"page post-2177 type-page status-publish hentry\"><p style=\"text-align: center;\"><span class=\"VIiyi\" lang=\"de\"><span class=\"JLqJ4b ChMk0b\" data-language-for-alternatives=\"de\" data-language-to-translate-into=\"en\" data-phrase-index=\"0\" data-number-of-phrases=\"1\"><span class=\"Q4iAWc\">F\u00fcr Informationen und Angebote stehen Ihnen unsere Berater gerne zur Verf\u00fcgung<\/span><\/span><\/span><\/p><\/div><\/div>\t\t\t\t\t<\/div>\n\t\t\t\t\t\t<\/div>\n\t\t\t\t<\/div>\n\t\t\t\t\t\t<\/div>\n\t\t\t\t\t<\/div>\n\t\t<\/div>\n\t\t\t\t\t\t\t\t<\/div>\n\t\t\t\t\t<\/div>\n\t\t<\/section>\n\t\t\t\t<section class=\"elementor-section elementor-top-section elementor-element elementor-element-f16b352 elementor-section-boxed elementor-section-height-default elementor-section-height-default\" data-id=\"f16b352\" data-element_type=\"section\">\n\t\t\t\t\t\t<div class=\"elementor-container elementor-column-gap-default\">\n\t\t\t\t\t\t\t<div class=\"elementor-row\">\n\t\t\t\t\t<div class=\"elementor-column elementor-col-33 elementor-top-column elementor-element elementor-element-5261cbb\" data-id=\"5261cbb\" data-element_type=\"column\">\n\t\t\t<div class=\"elementor-column-wrap\">\n\t\t\t\t\t\t\t<div class=\"elementor-widget-wrap\">\n\t\t\t\t\t\t\t\t<\/div>\n\t\t\t\t\t<\/div>\n\t\t<\/div>\n\t\t\t\t<div class=\"elementor-column elementor-col-33 elementor-top-column elementor-element elementor-element-5dae2ff\" data-id=\"5dae2ff\" data-element_type=\"column\">\n\t\t\t<div class=\"elementor-column-wrap elementor-element-populated\">\n\t\t\t\t\t\t\t<div class=\"elementor-widget-wrap\">\n\t\t\t\t\t\t<div class=\"elementor-element elementor-element-33662e7 elementor-button-align-stretch elementor-widget elementor-widget-form\" data-id=\"33662e7\" data-element_type=\"widget\" data-settings=\"{&quot;step_next_label&quot;:&quot;Next&quot;,&quot;step_previous_label&quot;:&quot;Previous&quot;,&quot;button_width&quot;:&quot;100&quot;,&quot;step_type&quot;:&quot;number_text&quot;,&quot;step_icon_shape&quot;:&quot;circle&quot;}\" data-widget_type=\"form.default\">\n\t\t\t\t<div class=\"elementor-widget-container\">\n\t\t\t\t\t<form class=\"elementor-form\" method=\"post\" name=\"New Form\">\n\t\t\t<input type=\"hidden\" name=\"post_id\" value=\"8674\"\/>\n\t\t\t<input type=\"hidden\" name=\"form_id\" value=\"33662e7\"\/>\n\n\t\t\t\n\t\t\t<div class=\"elementor-form-fields-wrapper elementor-labels-above\">\n\t\t\t\t\t\t\t\t<div class=\"elementor-field-type-text elementor-field-group elementor-column elementor-field-group-name elementor-col-100\">\n\t\t\t\t\t<input size=\"1\" type=\"text\" name=\"form_fields[name]\" id=\"form-field-name\" class=\"elementor-field elementor-size-md  elementor-field-textual\" placeholder=\"Name:\">\t\t\t\t<\/div>\n\t\t\t\t\t\t\t\t<div class=\"elementor-field-type-tel elementor-field-group elementor-column elementor-field-group-field_c8f943f elementor-col-100 elementor-field-required\">\n\t\t\t\t\t<input size=\"1\" type=\"tel\" name=\"form_fields[field_c8f943f]\" id=\"form-field-field_c8f943f\" class=\"elementor-field elementor-size-md  elementor-field-textual\" placeholder=\"Telefon:\" required=\"required\" aria-required=\"true\" pattern=\"[0-9()#&amp;+*-=.]+\" title=\"Only numbers and phone characters (#, -, *, etc) are accepted.\">\t\t\t\t<\/div>\n\t\t\t\t\t\t\t\t<div class=\"elementor-field-type-email elementor-field-group elementor-column elementor-field-group-email elementor-col-100 elementor-field-required\">\n\t\t\t\t\t<input size=\"1\" type=\"email\" name=\"form_fields[email]\" id=\"form-field-email\" class=\"elementor-field elementor-size-md  elementor-field-textual\" placeholder=\"Email:\" required=\"required\" aria-required=\"true\">\t\t\t\t<\/div>\n\t\t\t\t\t\t\t\t<div class=\"elementor-field-type-text elementor-field-group elementor-column elementor-field-group-field_8a1ee22 elementor-col-100 elementor-field-required\">\n\t\t\t\t\t<input size=\"1\" type=\"text\" name=\"form_fields[field_8a1ee22]\" id=\"form-field-field_8a1ee22\" class=\"elementor-field elementor-size-md  elementor-field-textual\" placeholder=\"Message:\" required=\"required\" aria-required=\"true\">\t\t\t\t<\/div>\n\t\t\t\t\t\t\t\t<div class=\"elementor-field-type-acceptance elementor-field-group elementor-column elementor-field-group-field_0ca036b elementor-col-100 elementor-field-required\">\n\t\t\t\t\t<div class=\"elementor-field-subgroup\"><span class=\"elementor-field-option\"><input type=\"checkbox\" name=\"form_fields[field_0ca036b]\" id=\"form-field-field_0ca036b\" class=\"elementor-field elementor-size-md  elementor-acceptance-field\" required=\"required\" aria-required=\"true\"> <label for=\"form-field-field_0ca036b\"> Ich bin einverstanden mit <a href=\"https:\/\/winpharma.ro\/de\/data-protection\/\" target=\"_blank\"><u>Verarbeitungsbedingungen<\/u><\/a>\n\n<\/label><\/span><\/div>\t\t\t\t<\/div>\n\t\t\t\t\t\t\t\t<div class=\"elementor-field-group elementor-column elementor-field-type-submit elementor-col-100 e-form__buttons\">\n\t\t\t\t\t<button type=\"submit\" class=\"elementor-button elementor-size-md\">\n\t\t\t\t\t\t<span >\n\t\t\t\t\t\t\t\t\t\t\t\t\t\t\t<span class=\" elementor-button-icon\">\n\t\t\t\t\t\t\t\t\t\t\t\t\t\t\t\t\t\t\t\t\t\t\t\t\t\t<\/span>\n\t\t\t\t\t\t\t\t\t\t\t\t\t\t\t\t\t\t\t\t\t\t<span class=\"elementor-button-text\">Senden<\/span>\n\t\t\t\t\t\t\t\t\t\t\t\t\t<\/span>\n\t\t\t\t\t<\/button>\n\t\t\t\t<\/div>\n\t\t\t<\/div>\n\t\t<\/form>\n\t\t\t\t<\/div>\n\t\t\t\t<\/div>\n\t\t\t\t\t\t<\/div>\n\t\t\t\t\t<\/div>\n\t\t<\/div>\n\t\t\t\t<div class=\"elementor-column elementor-col-33 elementor-top-column elementor-element elementor-element-adfb5eb\" data-id=\"adfb5eb\" data-element_type=\"column\">\n\t\t\t<div class=\"elementor-column-wrap\">\n\t\t\t\t\t\t\t<div class=\"elementor-widget-wrap\">\n\t\t\t\t\t\t\t\t<\/div>\n\t\t\t\t\t<\/div>\n\t\t<\/div>\n\t\t\t\t\t\t\t\t<\/div>\n\t\t\t\t\t<\/div>\n\t\t<\/section>\n\t\t\t\t\t\t<\/div>\n\t\t\t\t\t\t<\/div>\n\t\t\t\t\t<\/div>\n\t\t","protected":false},"excerpt":{"rendered":"<p>IDIAG M360\u00ae (SpinalMouse\u00ae) Home\u00a0 &gt;\u00a0 Produkte\u00a0 &gt;\u00a0 IDIAG M360\u00ae (SpinalMouse\u00ae) Identifiziert die Grundlagen f\u00fcr individuelle R\u00fcckenbehandlungen. Diagnose Individuelle&#8230;<\/p>\n","protected":false},"author":1,"featured_media":0,"parent":0,"menu_order":0,"comment_status":"closed","ping_status":"closed","template":"elementor_header_footer","meta":[],"uagb_featured_image_src":{"full":false,"thumbnail":false,"medium":false,"medium_large":false,"large":false,"1536x1536":false,"2048x2048":false,"manufacturer_vertical_thumb":false,"manufacturer_full":false,"manufacturer_medium":false},"uagb_author_info":{"display_name":"admin","author_link":"https:\/\/winpharma.ro\/de\/author\/admin\/"},"uagb_comment_info":0,"uagb_excerpt":"IDIAG M360\u00ae (SpinalMouse\u00ae) Home\u00a0 &gt;\u00a0 Produkte\u00a0 &gt;\u00a0 IDIAG M360\u00ae (SpinalMouse\u00ae) Identifiziert die Grundlagen f\u00fcr individuelle R\u00fcckenbehandlungen. Diagnose Individuelle...","_links":{"self":[{"href":"https:\/\/winpharma.ro\/de\/wp-json\/wp\/v2\/pages\/8674"}],"collection":[{"href":"https:\/\/winpharma.ro\/de\/wp-json\/wp\/v2\/pages"}],"about":[{"href":"https:\/\/winpharma.ro\/de\/wp-json\/wp\/v2\/types\/page"}],"author":[{"embeddable":true,"href":"https:\/\/winpharma.ro\/de\/wp-json\/wp\/v2\/users\/1"}],"replies":[{"embeddable":true,"href":"https:\/\/winpharma.ro\/de\/wp-json\/wp\/v2\/comments?post=8674"}],"version-history":[{"count":49,"href":"https:\/\/winpharma.ro\/de\/wp-json\/wp\/v2\/pages\/8674\/revisions"}],"predecessor-version":[{"id":9492,"href":"https:\/\/winpharma.ro\/de\/wp-json\/wp\/v2\/pages\/8674\/revisions\/9492"}],"wp:attachment":[{"href":"https:\/\/winpharma.ro\/de\/wp-json\/wp\/v2\/media?parent=8674"}],"curies":[{"name":"wp","href":"https:\/\/api.w.org\/{rel}","templated":true}]}}