{"id":8406,"date":"2022-04-06T08:41:11","date_gmt":"2022-04-06T08:41:11","guid":{"rendered":"https:\/\/winpharma.ro\/de\/?page_id=8406"},"modified":"2022-05-06T09:38:05","modified_gmt":"2022-05-06T09:38:05","slug":"uber-uns","status":"publish","type":"page","link":"https:\/\/winpharma.ro\/de\/uber-uns\/","title":{"rendered":"\u00dcber uns"},"content":{"rendered":"\t\t<div data-elementor-type=\"wp-post\" data-elementor-id=\"8406\" class=\"elementor elementor-8406\" data-elementor-settings=\"[]\">\n\t\t\t\t\t\t<div class=\"elementor-inner\">\n\t\t\t\t\t\t\t<div class=\"elementor-section-wrap\">\n\t\t\t\t\t\t\t<section class=\"elementor-section elementor-top-section elementor-element elementor-element-2d57e6f elementor-section-boxed elementor-section-height-default elementor-section-height-default\" data-id=\"2d57e6f\" data-element_type=\"section\" data-settings=\"{&quot;background_background&quot;:&quot;classic&quot;}\">\n\t\t\t\t\t\t\t<div class=\"elementor-background-overlay\"><\/div>\n\t\t\t\t\t\t\t<div class=\"elementor-container elementor-column-gap-default\">\n\t\t\t\t\t\t\t<div class=\"elementor-row\">\n\t\t\t\t\t<div class=\"elementor-column elementor-col-100 elementor-top-column elementor-element elementor-element-28ebd55\" data-id=\"28ebd55\" data-element_type=\"column\">\n\t\t\t<div class=\"elementor-column-wrap elementor-element-populated\">\n\t\t\t\t\t\t\t<div class=\"elementor-widget-wrap\">\n\t\t\t\t\t\t<div class=\"elementor-element elementor-element-6312f0f elementor-widget elementor-widget-heading\" data-id=\"6312f0f\" data-element_type=\"widget\" data-widget_type=\"heading.default\">\n\t\t\t\t<div class=\"elementor-widget-container\">\n\t\t\t<h1 class=\"elementor-heading-title elementor-size-default elementor-heading-title elementor-size-default elementor-align-after-center\">\u00dcber uns<\/h1>\t\t<\/div>\n\t\t\t\t<\/div>\n\t\t\t\t<div class=\"elementor-element elementor-element-6e3f6a4 elementor-widget elementor-widget-text-editor\" data-id=\"6e3f6a4\" data-element_type=\"widget\" data-widget_type=\"text-editor.default\">\n\t\t\t\t<div class=\"elementor-widget-container\">\n\t\t\t\t\t\t\t\t<div class=\"elementor-text-editor elementor-clearfix\">\n\t\t\t\t<div id=\"content\" class=\"span8 none none\" data-motopress-type=\"loop\" data-motopress-loop-file=\"loop\/loop-page.php\"><div id=\"post-2177\" class=\"page post-2177 type-page status-publish hentry\"><p style=\"text-align: center;\">WINPHARMAMED bietet Produkte und Dienstleistungen nach den h\u00f6chsten Standards der medizinischen Industrie und des geltenden Rechts an.<\/p><p style=\"text-align: center;\">Das Unternehmen ist der einzige Anbieter von \u00dcberdruckkammern HAUX in Rum\u00e4nien, verwandten Produkten, aber auch spezialisierter technischer Unterst\u00fctzung.<\/p><\/div><\/div>\t\t\t\t\t<\/div>\n\t\t\t\t\t\t<\/div>\n\t\t\t\t<\/div>\n\t\t\t\t\t\t<\/div>\n\t\t\t\t\t<\/div>\n\t\t<\/div>\n\t\t\t\t\t\t\t\t<\/div>\n\t\t\t\t\t<\/div>\n\t\t<\/section>\n\t\t\t\t<section class=\"elementor-section elementor-top-section elementor-element elementor-element-bbdf5a0 elementor-section-boxed elementor-section-height-default elementor-section-height-default\" data-id=\"bbdf5a0\" data-element_type=\"section\" data-settings=\"{&quot;background_background&quot;:&quot;classic&quot;}\">\n\t\t\t\t\t\t<div class=\"elementor-container elementor-column-gap-default\">\n\t\t\t\t\t\t\t<div class=\"elementor-row\">\n\t\t\t\t\t<div class=\"elementor-column elementor-col-33 elementor-top-column elementor-element elementor-element-22d9cc2\" data-id=\"22d9cc2\" data-element_type=\"column\" data-settings=\"{&quot;background_background&quot;:&quot;classic&quot;}\">\n\t\t\t<div class=\"elementor-column-wrap elementor-element-populated\">\n\t\t\t\t\t\t\t<div class=\"elementor-widget-wrap\">\n\t\t\t\t\t\t<div class=\"elementor-element elementor-element-db322e8 elementor-invisible elementor-widget elementor-widget-image\" data-id=\"db322e8\" data-element_type=\"widget\" data-settings=\"{&quot;_animation&quot;:&quot;fadeInDown&quot;}\" data-widget_type=\"image.default\">\n\t\t\t\t<div class=\"elementor-widget-container\">\n\t\t\t\t\t\t\t\t<div class=\"elementor-image\">\n\t\t\t\t\t\t\t\t\t\t\t\t<img width=\"128\" height=\"128\" src=\"https:\/\/winpharma.ro\/de\/wp-content\/uploads\/2022\/03\/technical-support2.png\" class=\"attachment-large size-large\" alt=\"\" loading=\"lazy\" \/>\t\t\t\t\t\t\t\t\t\t\t\t\t\t<\/div>\n\t\t\t\t\t\t<\/div>\n\t\t\t\t<\/div>\n\t\t\t\t<div class=\"elementor-element elementor-element-ee00e82 elementor-widget elementor-widget-text-editor\" data-id=\"ee00e82\" data-element_type=\"widget\" data-widget_type=\"text-editor.default\">\n\t\t\t\t<div class=\"elementor-widget-container\">\n\t\t\t\t\t\t\t\t<div class=\"elementor-text-editor elementor-clearfix\">\n\t\t\t\t<p style=\"text-align: center;\"><span class=\"word\" data-words=\"Experien\u021b\u0103,Experien\u021ba,Experienta\">Erfahrung<\/span><\/p>\t\t\t\t\t<\/div>\n\t\t\t\t\t\t<\/div>\n\t\t\t\t<\/div>\n\t\t\t\t<div class=\"elementor-element elementor-element-ada5413 elementor-widget elementor-widget-text-editor\" data-id=\"ada5413\" data-element_type=\"widget\" data-widget_type=\"text-editor.default\">\n\t\t\t\t<div class=\"elementor-widget-container\">\n\t\t\t\t\t\t\t\t<div class=\"elementor-text-editor elementor-clearfix\">\n\t\t\t\t<p style=\"text-align: center;\">Wir haben unser Know-how in der Durchf\u00fchrung vieler Gro\u00dfprojekte ausgebaut und uns so zu einem kompetenten und seri\u00f6sen Anbieter entwickelt.<\/p>\t\t\t\t\t<\/div>\n\t\t\t\t\t\t<\/div>\n\t\t\t\t<\/div>\n\t\t\t\t\t\t<\/div>\n\t\t\t\t\t<\/div>\n\t\t<\/div>\n\t\t\t\t<div class=\"elementor-column elementor-col-33 elementor-top-column elementor-element elementor-element-7617b26\" data-id=\"7617b26\" data-element_type=\"column\" data-settings=\"{&quot;background_background&quot;:&quot;classic&quot;}\">\n\t\t\t<div class=\"elementor-column-wrap elementor-element-populated\">\n\t\t\t\t\t\t\t<div class=\"elementor-widget-wrap\">\n\t\t\t\t\t\t<div class=\"elementor-element elementor-element-b85ee8c elementor-invisible elementor-widget elementor-widget-image\" data-id=\"b85ee8c\" data-element_type=\"widget\" data-settings=\"{&quot;_animation&quot;:&quot;fadeInDown&quot;}\" data-widget_type=\"image.default\">\n\t\t\t\t<div class=\"elementor-widget-container\">\n\t\t\t\t\t\t\t\t<div class=\"elementor-image\">\n\t\t\t\t\t\t\t\t\t\t\t\t<img width=\"128\" height=\"128\" src=\"https:\/\/winpharma.ro\/de\/wp-content\/uploads\/2022\/03\/handshake6.png\" class=\"attachment-large size-large\" alt=\"\" loading=\"lazy\" \/>\t\t\t\t\t\t\t\t\t\t\t\t\t\t<\/div>\n\t\t\t\t\t\t<\/div>\n\t\t\t\t<\/div>\n\t\t\t\t<div class=\"elementor-element elementor-element-3d2485e elementor-widget elementor-widget-text-editor\" data-id=\"3d2485e\" data-element_type=\"widget\" data-widget_type=\"text-editor.default\">\n\t\t\t\t<div class=\"elementor-widget-container\">\n\t\t\t\t\t\t\t\t<div class=\"elementor-text-editor elementor-clearfix\">\n\t\t\t\t<p style=\"text-align: center;\"><span class=\"word modified\" data-words=\"Echip\u0103,Echipa\">Team<\/span><\/p>\t\t\t\t\t<\/div>\n\t\t\t\t\t\t<\/div>\n\t\t\t\t<\/div>\n\t\t\t\t<div class=\"elementor-element elementor-element-75cc55e elementor-widget elementor-widget-text-editor\" data-id=\"75cc55e\" data-element_type=\"widget\" data-widget_type=\"text-editor.default\">\n\t\t\t\t<div class=\"elementor-widget-container\">\n\t\t\t\t\t\t\t\t<div class=\"elementor-text-editor elementor-clearfix\">\n\t\t\t\t<p style=\"text-align: center;\">Unser Team unterst\u00fctzt Sie w\u00e4hrend des gesamten Prozesses, von der fachlichen Beratung \u00fcber die Beschaffung und Inbetriebnahme bis hin zur Nachbetreuung.<\/p>\t\t\t\t\t<\/div>\n\t\t\t\t\t\t<\/div>\n\t\t\t\t<\/div>\n\t\t\t\t\t\t<\/div>\n\t\t\t\t\t<\/div>\n\t\t<\/div>\n\t\t\t\t<div class=\"elementor-column elementor-col-33 elementor-top-column elementor-element elementor-element-ef1a274\" data-id=\"ef1a274\" data-element_type=\"column\" data-settings=\"{&quot;background_background&quot;:&quot;classic&quot;}\">\n\t\t\t<div class=\"elementor-column-wrap elementor-element-populated\">\n\t\t\t\t\t\t\t<div class=\"elementor-widget-wrap\">\n\t\t\t\t\t\t<div class=\"elementor-element elementor-element-72b1add elementor-invisible elementor-widget elementor-widget-image\" data-id=\"72b1add\" data-element_type=\"widget\" data-settings=\"{&quot;_animation&quot;:&quot;fadeInDown&quot;}\" data-widget_type=\"image.default\">\n\t\t\t\t<div class=\"elementor-widget-container\">\n\t\t\t\t\t\t\t\t<div class=\"elementor-image\">\n\t\t\t\t\t\t\t\t\t\t\t\t<img width=\"128\" height=\"128\" src=\"https:\/\/winpharma.ro\/de\/wp-content\/uploads\/2022\/03\/evolution.png\" class=\"attachment-large size-large\" alt=\"\" loading=\"lazy\" \/>\t\t\t\t\t\t\t\t\t\t\t\t\t\t<\/div>\n\t\t\t\t\t\t<\/div>\n\t\t\t\t<\/div>\n\t\t\t\t<div class=\"elementor-element elementor-element-20ef257 elementor-widget elementor-widget-text-editor\" data-id=\"20ef257\" data-element_type=\"widget\" data-widget_type=\"text-editor.default\">\n\t\t\t\t<div class=\"elementor-widget-container\">\n\t\t\t\t\t\t\t\t<div class=\"elementor-text-editor elementor-clearfix\">\n\t\t\t\t<p style=\"text-align: center;\"><span class=\"word modified\" data-words=\"Performanta,Performant\u0103,Performan\u021ba,Performan\u021b\u0103\">Leistung<\/span><\/p>\t\t\t\t\t<\/div>\n\t\t\t\t\t\t<\/div>\n\t\t\t\t<\/div>\n\t\t\t\t<div class=\"elementor-element elementor-element-e7e4d56 elementor-widget elementor-widget-text-editor\" data-id=\"e7e4d56\" data-element_type=\"widget\" data-widget_type=\"text-editor.default\">\n\t\t\t\t<div class=\"elementor-widget-container\">\n\t\t\t\t\t\t\t\t<div class=\"elementor-text-editor elementor-clearfix\">\n\t\t\t\t<p style=\"text-align: center;\">Wir sind ergebnisorientiert und erf\u00fcllen die Bed\u00fcrfnisse der Kunden zu den besten Bedingungen \u2013 technisch und finanziell.<\/p>\t\t\t\t\t<\/div>\n\t\t\t\t\t\t<\/div>\n\t\t\t\t<\/div>\n\t\t\t\t\t\t<\/div>\n\t\t\t\t\t<\/div>\n\t\t<\/div>\n\t\t\t\t\t\t\t\t<\/div>\n\t\t\t\t\t<\/div>\n\t\t<\/section>\n\t\t\t\t\t\t<\/div>\n\t\t\t\t\t\t<\/div>\n\t\t\t\t\t<\/div>\n\t\t","protected":false},"excerpt":{"rendered":"<p>\u00dcber uns WINPHARMAMED bietet Produkte und Dienstleistungen nach den h\u00f6chsten Standards der medizinischen Industrie und des geltenden Rechts&#8230;<\/p>\n","protected":false},"author":1,"featured_media":0,"parent":0,"menu_order":0,"comment_status":"closed","ping_status":"closed","template":"elementor_header_footer","meta":[],"uagb_featured_image_src":{"full":false,"thumbnail":false,"medium":false,"medium_large":false,"large":false,"1536x1536":false,"2048x2048":false,"manufacturer_vertical_thumb":false,"manufacturer_full":false,"manufacturer_medium":false},"uagb_author_info":{"display_name":"admin","author_link":"https:\/\/winpharma.ro\/de\/author\/admin\/"},"uagb_comment_info":0,"uagb_excerpt":"\u00dcber uns WINPHARMAMED bietet Produkte und Dienstleistungen nach den h\u00f6chsten Standards der medizinischen Industrie und des geltenden Rechts...","_links":{"self":[{"href":"https:\/\/winpharma.ro\/de\/wp-json\/wp\/v2\/pages\/8406"}],"collection":[{"href":"https:\/\/winpharma.ro\/de\/wp-json\/wp\/v2\/pages"}],"about":[{"href":"https:\/\/winpharma.ro\/de\/wp-json\/wp\/v2\/types\/page"}],"author":[{"embeddable":true,"href":"https:\/\/winpharma.ro\/de\/wp-json\/wp\/v2\/users\/1"}],"replies":[{"embeddable":true,"href":"https:\/\/winpharma.ro\/de\/wp-json\/wp\/v2\/comments?post=8406"}],"version-history":[{"count":39,"href":"https:\/\/winpharma.ro\/de\/wp-json\/wp\/v2\/pages\/8406\/revisions"}],"predecessor-version":[{"id":9445,"href":"https:\/\/winpharma.ro\/de\/wp-json\/wp\/v2\/pages\/8406\/revisions\/9445"}],"wp:attachment":[{"href":"https:\/\/winpharma.ro\/de\/wp-json\/wp\/v2\/media?parent=8406"}],"curies":[{"name":"wp","href":"https:\/\/api.w.org\/{rel}","templated":true}]}}